{"id":7472,"date":"2024-10-08T13:48:50","date_gmt":"2024-10-08T13:48:50","guid":{"rendered":"https:\/\/e-dentic.fr\/?page_id=7472"},"modified":"2025-09-11T09:38:13","modified_gmt":"2025-09-11T07:38:13","slug":"politique-de-confidentialite","status":"publish","type":"page","link":"https:\/\/e-dentic.fr\/fr_fr\/politique-de-confidentialite\/","title":{"rendered":"Politique de confidentialit\u00e9"},"content":{"rendered":"\t\t<div data-elementor-type=\"wp-page\" data-elementor-id=\"7472\" class=\"elementor elementor-7472\">\n\t\t\t\t\t\t<section data-particle_enable=\"false\" data-particle-mobile-disabled=\"false\" class=\"elementor-section elementor-top-section elementor-element elementor-element-62be07ec elementor-section-content-middle elementor-section-boxed elementor-section-height-default elementor-section-height-default\" data-id=\"62be07ec\" data-element_type=\"section\" data-settings=\"{&quot;background_background&quot;:&quot;classic&quot;}\">\n\t\t\t\t\t\t\t<div class=\"elementor-background-overlay\"><\/div>\n\t\t\t\t\t\t\t<div class=\"elementor-container elementor-column-gap-no\">\n\t\t\t\t\t<div class=\"elementor-column elementor-col-100 elementor-top-column elementor-element elementor-element-529fd759\" data-id=\"529fd759\" data-element_type=\"column\">\n\t\t\t<div class=\"elementor-widget-wrap elementor-element-populated\">\n\t\t\t\t\t\t<div class=\"elementor-element elementor-element-1a06cc4f elementor-widget elementor-widget-heading\" data-id=\"1a06cc4f\" data-element_type=\"widget\" data-widget_type=\"heading.default\">\n\t\t\t\t<div class=\"elementor-widget-container\">\n\t\t\t\t\t<h1 class=\"elementor-heading-title elementor-size-default\">Politique de confidentialit\u00e9<\/h1>\t\t\t\t<\/div>\n\t\t\t\t<\/div>\n\t\t\t\t\t<\/div>\n\t\t<\/div>\n\t\t\t\t\t<\/div>\n\t\t<\/section>\n\t\t\t\t<section data-particle_enable=\"false\" data-particle-mobile-disabled=\"false\" class=\"elementor-section elementor-top-section elementor-element elementor-element-1a9c02d4 animated-slow elementor-section-boxed elementor-section-height-default elementor-section-height-default elementor-invisible\" data-id=\"1a9c02d4\" data-element_type=\"section\" data-settings=\"{&quot;animation&quot;:&quot;fadeInUp&quot;}\">\n\t\t\t\t\t\t<div class=\"elementor-container elementor-column-gap-no\">\n\t\t\t\t\t<div class=\"elementor-column elementor-col-100 elementor-top-column elementor-element elementor-element-6395ac67\" data-id=\"6395ac67\" data-element_type=\"column\">\n\t\t\t<div class=\"elementor-widget-wrap elementor-element-populated\">\n\t\t\t\t\t\t<div class=\"elementor-element elementor-element-c0cf252 elementor-widget elementor-widget-text-editor\" data-id=\"c0cf252\" data-element_type=\"widget\" data-widget_type=\"text-editor.default\">\n\t\t\t\t<div class=\"elementor-widget-container\">\n\t\t\t\t\t\t\t\t\t<p>Nous vous remercions de faire partie de notre communaut\u00e9 chez E-Dentic. Nous sommes engag\u00e9s \u00e0 prot\u00e9ger vos donn\u00e9es personnelles et votre droit \u00e0 la confidentialit\u00e9. Cette politique de confidentialit\u00e9 explique comment nous collectons, utilisons et partageons vos donn\u00e9es personnelles lorsque vous utilisez nos services, incluant notre site web www.e-dentic.fr (le \u00ab Service \u00bb).<\/p><p>Si vous avez des questions ou des pr\u00e9occupations concernant notre politique, veuillez nous contacter \u00e0 l\u2019adresse suivante : commercial@e-dentic.fr.<\/p><h2>\u00a0<\/h2><h2>Informations collect\u00e9es<\/h2><h3>Donn\u00e9es personnelles collect\u00e9es<\/h3><p>Lorsque vous utilisez notre Service, nous pouvons vous demander de fournir certaines informations personnelles identifiables qui peuvent \u00eatre utilis\u00e9es pour vous contacter ou vous identifier. Ces donn\u00e9es incluent, mais ne sont pas limit\u00e9es \u00e0 :<\/p><ul><li>\u00a0Nom et pr\u00e9nom<\/li><li>Adresse e-mail<\/li><li>Num\u00e9ro de t\u00e9l\u00e9phone<\/li><li>Donn\u00e9es d\u2019utilisation (telles que les pages visit\u00e9es, la dur\u00e9e de la visite, etc<\/li><\/ul><p>Nous collectons \u00e9galement des informations sur les comportements de navigation de nos utilisateurs \u00e0 travers des cookies et autres technologies de suivi, qui incluent :<\/p><ul><li>\u00a0L\u2019adresse IP de l\u2019appareil<\/li><li>Le type de navigateur utilis\u00e9<\/li><li>Le syst\u00e8me d\u2019exploitation et les identifiants uniques du dispositif<\/li><\/ul><p>Ces donn\u00e9es sont utilis\u00e9es principalement pour am\u00e9liorer l\u2019exp\u00e9rience utilisateur et personnaliser les offres et services propos\u00e9s.<\/p><h2>\u00a0<\/h2><h2><strong>Utilisation des informations collect\u00e9es<\/strong><\/h2><h3>Finalit\u00e9 des donn\u00e9es<\/h3><p>Les informations que nous collectons sont utilis\u00e9es aux fins suivantes :<\/p><ul><li>Fournir et maintenir nos services : Les donn\u00e9es sont n\u00e9cessaires pour l\u2019acc\u00e8s et l\u2019utilisation du Service, et pour r\u00e9pondre \u00e0 vos demandes.<\/li><li>Personnalisation de l\u2019exp\u00e9rience utilisateur : Nous utilisons vos donn\u00e9es pour adapter nos contenus, communications, offres et recommandations en fonction de vos pr\u00e9f\u00e9rences et historique de navigation.<\/li><li>Communication avec les utilisateurs : Nous utilisons vos informations pour vous envoyer des mises \u00e0 jour, des offres commerciales, ainsi que des informations relatives \u00e0 l\u2019utilisation du Service.<\/li><li>S\u00e9curit\u00e9 et pr\u00e9vention des fraudes : Les donn\u00e9es collect\u00e9es permettent de garantir la s\u00e9curit\u00e9 des utilisateurs et du Service en pr\u00e9venant d\u2019\u00e9ventuelles violations de s\u00e9curit\u00e9.<\/li><\/ul><h2>\u00a0<\/h2><h2>Partage des donn\u00e9es avec des tiers<\/h2><p>Nous pouvons partager vos informations personnelles dans les situations suivantes :<\/p><ul><li>\u00a0Avec les prestataires de services : Pour surveiller l\u2019utilisation du Service ou pour vous contacter.<\/li><li>Transferts d\u2019entreprise : Dans le cadre d\u2019une fusion, vente d\u2019actifs ou autre type de transfert d\u2019entreprise, vos informations personnelles pourraient \u00eatre transf\u00e9r\u00e9es.<\/li><li>Avec votre consentement : Dans d\u2019autres situations, vos informations ne seront partag\u00e9es que si vous avez explicitement consenti.<\/li><\/ul><h2>\u00a0<\/h2><h2>Conservation des donn\u00e9es<\/h2><p>Vos donn\u00e9es personnelles ne seront conserv\u00e9es que le temps n\u00e9cessaire \u00e0 la r\u00e9alisation des finalit\u00e9s d\u00e9crites dans cette politique, sauf obligation l\u00e9gale de les conserver plus longtemps. Les donn\u00e9es d\u2019utilisation collect\u00e9es \u00e0 des fins analytiques peuvent \u00eatre conserv\u00e9es plus longtemps si cela contribue \u00e0 am\u00e9liorer la s\u00e9curit\u00e9 ou la fonctionnalit\u00e9 du Service.<\/p><h2>\u00a0<\/h2><h2>S\u00e9curit\u00e9 des donn\u00e9es<\/h2><p>Nous utilisons des mesures de s\u00e9curit\u00e9 techniques et organisationnelles pour prot\u00e9ger vos informations personnelles contre tout acc\u00e8s non autoris\u00e9, modification ou divulgation. Cependant, veuillez noter qu\u2019aucune m\u00e9thode de transmission sur Internet ou de stockage \u00e9lectronique n\u2019est totalement s\u00e9curis\u00e9e. Nous nous effor\u00e7ons de prot\u00e9ger vos informations, mais ne pouvons garantir leur s\u00e9curit\u00e9 absolue.<\/p><h2>\u00a0<\/h2><h2>Droits des utilisateurs<\/h2><p>Conform\u00e9ment au RGPD, vous disposez des droits suivants concernant vos informations :<\/p><ul><li>Acc\u00e8s : Vous pouvez demander \u00e0 consulter les donn\u00e9es que nous avons sur vous.<\/li><li>Rectification : Vous avez le droit de corriger toute information inexacte ou incompl\u00e8te.<\/li><li>Suppression : Vous pouvez demander la suppression de vos donn\u00e9es personnelles.<\/li><li>Opposition : Vous pouvez vous opposer \u00e0 l\u2019utilisation de vos donn\u00e9es \u00e0 des fins de marketing direct.<\/li><\/ul><p>Pour exercer vos droits, veuillez nous contacter \u00e0 l\u2019adresse suivante : commercial@e-dentic.fr.<\/p><h2>\u00a0<\/h2><h2>Cookies et technologies de suivi<\/h2><p>Nous utilisons des cookies pour am\u00e9liorer votre exp\u00e9rience sur notre site. Les cookies permettent de suivre votre navigation et de stocker certaines informations, telles que vos pr\u00e9f\u00e9rences de langue ou les pages que vous avez visit\u00e9es.<\/p><p>Types de cookies utilis\u00e9s :<\/p><ul><li>Cookies essentiels : N\u00e9cessaires au fonctionnement du Service.<\/li><li>Cookies de performance : Permettent d&rsquo;analyser l\u2019utilisation du Service et d\u2019am\u00e9liorer sa performance.<\/li><li>Cookies de personnalisation : Stockent vos pr\u00e9f\u00e9rences et personnalisent votre exp\u00e9rience utilisateur.<\/li><\/ul><p>Vous pouvez configurer votre navigateur pour refuser l\u2019utilisation des cookies, mais cela peut affecter certaines fonctionnalit\u00e9s du Service.<\/p><h2>\u00a0<\/h2><h2>Transfert international de donn\u00e9es<\/h2><p>Les informations personnelles collect\u00e9es peuvent \u00eatre transf\u00e9r\u00e9es et trait\u00e9es dans des pays en dehors de l&rsquo;Union europ\u00e9enne. Dans ce cas, nous prenons toutes les mesures n\u00e9cessaires pour garantir que vos donn\u00e9es sont prot\u00e9g\u00e9es conform\u00e9ment \u00e0 cette politique de confidentialit\u00e9.<\/p><h2>\u00a0<\/h2><h2>Modifications de cette politique<\/h2><p>Nous pouvons mettre \u00e0 jour cette politique de confidentialit\u00e9 de temps \u00e0 autre pour refl\u00e9ter des changements dans nos pratiques de traitement des donn\u00e9es. Nous vous informerons par e-mail ou par un avis sur notre site en cas de modifications importantes.<\/p><p>Si vous avez des questions concernant cette politique de confidentialit\u00e9, veuillez nous contacter \u00e0 l\u2019adresse suivante : commercial@e-dentic.fr.<\/p><p style=\"text-align: left;\"><strong>Derni\u00e8re mise \u00e0 jour : 8 octobre 2024<\/strong><\/p>\t\t\t\t\t\t\t\t<\/div>\n\t\t\t\t<\/div>\n\t\t\t\t\t<\/div>\n\t\t<\/div>\n\t\t\t\t\t<\/div>\n\t\t<\/section>\n\t\t\t\t<section data-particle_enable=\"false\" data-particle-mobile-disabled=\"false\" class=\"elementor-section elementor-top-section elementor-element elementor-element-e8fc9cc elementor-section-content-middle elementor-section-boxed elementor-section-height-default elementor-section-height-default\" data-id=\"e8fc9cc\" data-element_type=\"section\" data-settings=\"{&quot;background_background&quot;:&quot;classic&quot;}\">\n\t\t\t\t\t\t\t<div class=\"elementor-background-overlay\"><\/div>\n\t\t\t\t\t\t\t<div class=\"elementor-container elementor-column-gap-no\">\n\t\t\t\t\t<div class=\"elementor-column elementor-col-50 elementor-top-column elementor-element elementor-element-b2d017b\" data-id=\"b2d017b\" data-element_type=\"column\">\n\t\t\t<div class=\"elementor-widget-wrap elementor-element-populated\">\n\t\t\t\t\t\t<div class=\"elementor-element elementor-element-bd67abc elementor-headline--style-highlight elementor-widget elementor-widget-animated-headline\" data-id=\"bd67abc\" data-element_type=\"widget\" data-settings=\"{&quot;highlighted_text&quot;:&quot;Int\\u00e9grez la technologie&quot;,&quot;highlight_animation_duration&quot;:0,&quot;headline_style&quot;:&quot;highlight&quot;,&quot;marker&quot;:&quot;circle&quot;}\" data-widget_type=\"animated-headline.default\">\n\t\t\t\t<div class=\"elementor-widget-container\">\n\t\t\t\t\t\t\t<h2 class=\"elementor-headline\">\n\t\t\t\t<span class=\"elementor-headline-dynamic-wrapper elementor-headline-text-wrapper\">\n\t\t\t\t\t<span class=\"elementor-headline-dynamic-text elementor-headline-text-active\">Int\u00e9grez la technologie<\/span>\n\t\t\t\t<\/span>\n\t\t\t\t\t<span class=\"elementor-headline-plain-text elementor-headline-text-wrapper\">pour optimiser votre entrep\u00f4t<\/span>\n\t\t\t\t\t<\/h2>\n\t\t\t\t\t\t<\/div>\n\t\t\t\t<\/div>\n\t\t\t\t<div class=\"elementor-element elementor-element-68c7e8c elementor-widget elementor-widget-heading\" data-id=\"68c7e8c\" data-element_type=\"widget\" data-widget_type=\"heading.default\">\n\t\t\t\t<div class=\"elementor-widget-container\">\n\t\t\t\t\t<div class=\"elementor-heading-title elementor-size-default\">Am\u00e9lioration de l'efficacit\u00e9 op\u00e9rationnelle, de la qualit\u00e9 de service, de l'ergonomie de travail : demandez nous une expertise<\/div>\t\t\t\t<\/div>\n\t\t\t\t<\/div>\n\t\t\t\t\t<\/div>\n\t\t<\/div>\n\t\t\t\t<div class=\"elementor-column elementor-col-50 elementor-top-column elementor-element elementor-element-9172b88\" data-id=\"9172b88\" data-element_type=\"column\">\n\t\t\t<div class=\"elementor-widget-wrap elementor-element-populated\">\n\t\t\t\t\t\t<div class=\"elementor-element elementor-element-1e9317c elementor-align-center elementor-widget__width-auto elementor-mobile-align-justify elementor-widget-mobile__width-inherit animated-slow elementor-widget elementor-widget-button\" data-id=\"1e9317c\" data-element_type=\"widget\" id=\"d\u00e9ployer\" data-settings=\"{&quot;_animation&quot;:&quot;none&quot;}\" data-widget_type=\"button.default\">\n\t\t\t\t<div class=\"elementor-widget-container\">\n\t\t\t\t\t\t\t\t\t<div class=\"elementor-button-wrapper\">\n\t\t\t\t\t<a class=\"elementor-button elementor-size-md\" role=\"button\">\n\t\t\t\t\t\t<span class=\"elementor-button-content-wrapper\">\n\t\t\t\t\t\t<span class=\"elementor-button-icon\">\n\t\t\t\t<svg aria-hidden=\"true\" class=\"e-font-icon-svg e-fas-angle-right\" viewBox=\"0 0 256 512\" xmlns=\"http:\/\/www.w3.org\/2000\/svg\"><path d=\"M224.3 273l-136 136c-9.4 9.4-24.6 9.4-33.9 0l-22.6-22.6c-9.4-9.4-9.4-24.6 0-33.9l96.4-96.4-96.4-96.4c-9.4-9.4-9.4-24.6 0-33.9L54.3 103c9.4-9.4 24.6-9.4 33.9 0l136 136c9.5 9.4 9.5 24.6.1 34z\"><\/path><\/svg>\t\t\t<\/span>\n\t\t\t\t\t\t\t\t\t<span class=\"elementor-button-text\">Commencer<\/span>\n\t\t\t\t\t<\/span>\n\t\t\t\t\t<\/a>\n\t\t\t\t<\/div>\n\t\t\t\t\t\t\t\t<\/div>\n\t\t\t\t<\/div>\n\t\t\t\t<div class=\"elementor-element elementor-element-a67a0c5 elementor-widget__width-auto e-transform elementor-mobile-align-center elementor-widget-mobile__width-inherit elementor-align-center elementor-widget elementor-widget-button\" data-id=\"a67a0c5\" data-element_type=\"widget\" id=\"commencer\" data-settings=\"{&quot;_transform_translateY_effect_hover&quot;:{&quot;unit&quot;:&quot;px&quot;,&quot;size&quot;:-4,&quot;sizes&quot;:[]},&quot;_transform_translateX_effect_hover&quot;:{&quot;unit&quot;:&quot;px&quot;,&quot;size&quot;:&quot;&quot;,&quot;sizes&quot;:[]},&quot;_transform_translateX_effect_hover_tablet&quot;:{&quot;unit&quot;:&quot;px&quot;,&quot;size&quot;:&quot;&quot;,&quot;sizes&quot;:[]},&quot;_transform_translateX_effect_hover_mobile&quot;:{&quot;unit&quot;:&quot;px&quot;,&quot;size&quot;:&quot;&quot;,&quot;sizes&quot;:[]},&quot;_transform_translateY_effect_hover_tablet&quot;:{&quot;unit&quot;:&quot;px&quot;,&quot;size&quot;:&quot;&quot;,&quot;sizes&quot;:[]},&quot;_transform_translateY_effect_hover_mobile&quot;:{&quot;unit&quot;:&quot;px&quot;,&quot;size&quot;:&quot;&quot;,&quot;sizes&quot;:[]}}\" data-widget_type=\"button.default\">\n\t\t\t\t<div class=\"elementor-widget-container\">\n\t\t\t\t\t\t\t\t\t<div class=\"elementor-button-wrapper\">\n\t\t\t\t\t<a class=\"elementor-button elementor-size-sm\" role=\"button\">\n\t\t\t\t\t\t<span class=\"elementor-button-content-wrapper\">\n\t\t\t\t\t\t<span class=\"elementor-button-icon\">\n\t\t\t\t<svg aria-hidden=\"true\" class=\"e-font-icon-svg e-fas-chevron-right\" viewBox=\"0 0 320 512\" xmlns=\"http:\/\/www.w3.org\/2000\/svg\"><path d=\"M285.476 272.971L91.132 467.314c-9.373 9.373-24.569 9.373-33.941 0l-22.667-22.667c-9.357-9.357-9.375-24.522-.04-33.901L188.505 256 34.484 101.255c-9.335-9.379-9.317-24.544.04-33.901l22.667-22.667c9.373-9.373 24.569-9.373 33.941 0L285.475 239.03c9.373 9.372 9.373 24.568.001 33.941z\"><\/path><\/svg>\t\t\t<\/span>\n\t\t\t\t\t\t\t\t\t<span class=\"elementor-button-text\">D\u00e9couvrir nos solutions<\/span>\n\t\t\t\t\t<\/span>\n\t\t\t\t\t<\/a>\n\t\t\t\t<\/div>\n\t\t\t\t\t\t\t\t<\/div>\n\t\t\t\t<\/div>\n\t\t\t\t\t<\/div>\n\t\t<\/div>\n\t\t\t\t\t<\/div>\n\t\t<\/section>\n\t\t\t\t<\/div>\n\t\t","protected":false},"excerpt":{"rendered":"<p>Politique de confidentialit\u00e9 Nous vous remercions de faire partie de notre communaut\u00e9 chez E-Dentic. Nous sommes engag\u00e9s \u00e0 prot\u00e9ger vos donn\u00e9es personnelles et votre droit \u00e0 la confidentialit\u00e9. Cette politique de confidentialit\u00e9 explique comment nous collectons, utilisons et partageons vos donn\u00e9es personnelles lorsque vous utilisez nos services, incluant notre site web www.e-dentic.fr (le \u00ab Service [&hellip;]<\/p>\n","protected":false},"author":1,"featured_media":6078,"parent":0,"menu_order":0,"comment_status":"closed","ping_status":"closed","template":"","meta":{"inline_featured_image":false,"footnotes":""},"class_list":["post-7472","page","type-page","status-publish","has-post-thumbnail","hentry"],"yoast_head":"<!-- This site is optimized with the Yoast SEO Premium plugin v22.6 (Yoast SEO v25.2) - https:\/\/yoast.com\/wordpress\/plugins\/seo\/ -->\n<title>Politique de confidentialit\u00e9 - E-DENTIC<\/title>\n<meta name=\"description\" content=\"En savoir plus sur E-DENTIC \u00e0 propos des activit\u00e9s, des valeurs, du groupe, et des \u00e9tapes importantes dans l&#039;histoire de la soci\u00e9t\u00e9.\" \/>\n<meta name=\"robots\" content=\"noindex, nofollow\" \/>\n<meta property=\"og:locale\" content=\"fr_FR\" \/>\n<meta property=\"og:type\" content=\"article\" \/>\n<meta property=\"og:title\" content=\"Politique de confidentialit\u00e9\" \/>\n<meta property=\"og:description\" content=\"En savoir plus sur E-DENTIC \u00e0 propos des activit\u00e9s, des valeurs, du groupe, et des \u00e9tapes importantes dans l&#039;histoire de la soci\u00e9t\u00e9.\" \/>\n<meta property=\"og:url\" content=\"https:\/\/e-dentic.fr\/fr_fr\/politique-de-confidentialite\/\" \/>\n<meta property=\"og:site_name\" content=\"E-DENTIC\" \/>\n<meta property=\"article:modified_time\" content=\"2025-09-11T07:38:13+00:00\" \/>\n<meta property=\"og:image\" content=\"https:\/\/e-dentic.fr\/wp-content\/uploads\/2024\/06\/chargement-par-loperateur-scaled.jpg\" \/>\n\t<meta property=\"og:image:width\" content=\"2560\" \/>\n\t<meta property=\"og:image:height\" content=\"1559\" \/>\n\t<meta property=\"og:image:type\" content=\"image\/jpeg\" \/>\n<meta name=\"twitter:card\" content=\"summary_large_image\" \/>\n<meta name=\"twitter:label1\" content=\"Dur\u00e9e de lecture estim\u00e9e\" \/>\n\t<meta name=\"twitter:data1\" content=\"5 minutes\" \/>\n<script type=\"application\/ld+json\" class=\"yoast-schema-graph\">{\"@context\":\"https:\/\/schema.org\",\"@graph\":[{\"@type\":\"WebPage\",\"@id\":\"https:\/\/e-dentic.fr\/fr_fr\/politique-de-confidentialite\/\",\"url\":\"https:\/\/e-dentic.fr\/fr_fr\/politique-de-confidentialite\/\",\"name\":\"Politique de confidentialit\u00e9 - E-DENTIC\",\"isPartOf\":{\"@id\":\"https:\/\/e-dentic.fr\/#website\"},\"primaryImageOfPage\":{\"@id\":\"https:\/\/e-dentic.fr\/fr_fr\/politique-de-confidentialite\/#primaryimage\"},\"image\":{\"@id\":\"https:\/\/e-dentic.fr\/fr_fr\/politique-de-confidentialite\/#primaryimage\"},\"thumbnailUrl\":\"https:\/\/e-dentic.fr\/wp-content\/uploads\/2024\/06\/chargement-par-loperateur-scaled.jpg\",\"datePublished\":\"2024-10-08T13:48:50+00:00\",\"dateModified\":\"2025-09-11T07:38:13+00:00\",\"description\":\"En savoir plus sur E-DENTIC \u00e0 propos des activit\u00e9s, des valeurs, du groupe, et des \u00e9tapes importantes dans l'histoire de la soci\u00e9t\u00e9.\",\"breadcrumb\":{\"@id\":\"https:\/\/e-dentic.fr\/fr_fr\/politique-de-confidentialite\/#breadcrumb\"},\"inLanguage\":\"fr-FR\",\"potentialAction\":[{\"@type\":\"ReadAction\",\"target\":[\"https:\/\/e-dentic.fr\/fr_fr\/politique-de-confidentialite\/\"]}]},{\"@type\":\"ImageObject\",\"inLanguage\":\"fr-FR\",\"@id\":\"https:\/\/e-dentic.fr\/fr_fr\/politique-de-confidentialite\/#primaryimage\",\"url\":\"https:\/\/e-dentic.fr\/wp-content\/uploads\/2024\/06\/chargement-par-loperateur-scaled.jpg\",\"contentUrl\":\"https:\/\/e-dentic.fr\/wp-content\/uploads\/2024\/06\/chargement-par-loperateur-scaled.jpg\",\"width\":2560,\"height\":1559,\"caption\":\"Forklift operator during work in large warehouse\"},{\"@type\":\"BreadcrumbList\",\"@id\":\"https:\/\/e-dentic.fr\/fr_fr\/politique-de-confidentialite\/#breadcrumb\",\"itemListElement\":[{\"@type\":\"ListItem\",\"position\":1,\"name\":\"Accueil\",\"item\":\"https:\/\/e-dentic.fr\/fr_fr\/\"},{\"@type\":\"ListItem\",\"position\":2,\"name\":\"Politique de confidentialit\u00e9\"}]},{\"@type\":\"WebSite\",\"@id\":\"https:\/\/e-dentic.fr\/#website\",\"url\":\"https:\/\/e-dentic.fr\/\",\"name\":\"E-DENTIC\",\"description\":\"Int\u00e9grateur de solutions logistiques innovantes\",\"publisher\":{\"@id\":\"https:\/\/e-dentic.fr\/#organization\"},\"alternateName\":\"Int\u00e9grateur de solutions logistiques innovantes\",\"potentialAction\":[{\"@type\":\"SearchAction\",\"target\":{\"@type\":\"EntryPoint\",\"urlTemplate\":\"https:\/\/e-dentic.fr\/?s={search_term_string}\"},\"query-input\":{\"@type\":\"PropertyValueSpecification\",\"valueRequired\":true,\"valueName\":\"search_term_string\"}}],\"inLanguage\":\"fr-FR\"},{\"@type\":\"Organization\",\"@id\":\"https:\/\/e-dentic.fr\/#organization\",\"name\":\"E-DENTIC\",\"url\":\"https:\/\/e-dentic.fr\/\",\"logo\":{\"@type\":\"ImageObject\",\"inLanguage\":\"fr-FR\",\"@id\":\"https:\/\/e-dentic.fr\/#\/schema\/logo\/image\/\",\"url\":\"https:\/\/e-dentic.fr\/wp-content\/uploads\/2024\/04\/E-DENTIC-logo-bleu.png\",\"contentUrl\":\"https:\/\/e-dentic.fr\/wp-content\/uploads\/2024\/04\/E-DENTIC-logo-bleu.png\",\"width\":1460,\"height\":546,\"caption\":\"E-DENTIC\"},\"image\":{\"@id\":\"https:\/\/e-dentic.fr\/#\/schema\/logo\/image\/\"},\"sameAs\":[\"https:\/\/www.linkedin.com\/company\/e-dentic\/\",\"https:\/\/www.youtube.com\/channel\/UCXOgh0CpgACK_KVKikApR9g\"]}]}<\/script>\n<!-- \/ Yoast SEO Premium plugin. -->","yoast_head_json":{"title":"Politique de confidentialit\u00e9 - E-DENTIC","description":"En savoir plus sur E-DENTIC \u00e0 propos des activit\u00e9s, des valeurs, du groupe, et des \u00e9tapes importantes dans l'histoire de la soci\u00e9t\u00e9.","robots":{"index":"noindex","follow":"nofollow"},"og_locale":"fr_FR","og_type":"article","og_title":"Politique de confidentialit\u00e9","og_description":"En savoir plus sur E-DENTIC \u00e0 propos des activit\u00e9s, des valeurs, du groupe, et des \u00e9tapes importantes dans l'histoire de la soci\u00e9t\u00e9.","og_url":"https:\/\/e-dentic.fr\/fr_fr\/politique-de-confidentialite\/","og_site_name":"E-DENTIC","article_modified_time":"2025-09-11T07:38:13+00:00","og_image":[{"width":2560,"height":1559,"url":"https:\/\/e-dentic.fr\/wp-content\/uploads\/2024\/06\/chargement-par-loperateur-scaled.jpg","type":"image\/jpeg"}],"twitter_card":"summary_large_image","twitter_misc":{"Dur\u00e9e de lecture estim\u00e9e":"5 minutes"},"schema":{"@context":"https:\/\/schema.org","@graph":[{"@type":"WebPage","@id":"https:\/\/e-dentic.fr\/fr_fr\/politique-de-confidentialite\/","url":"https:\/\/e-dentic.fr\/fr_fr\/politique-de-confidentialite\/","name":"Politique de confidentialit\u00e9 - E-DENTIC","isPartOf":{"@id":"https:\/\/e-dentic.fr\/#website"},"primaryImageOfPage":{"@id":"https:\/\/e-dentic.fr\/fr_fr\/politique-de-confidentialite\/#primaryimage"},"image":{"@id":"https:\/\/e-dentic.fr\/fr_fr\/politique-de-confidentialite\/#primaryimage"},"thumbnailUrl":"https:\/\/e-dentic.fr\/wp-content\/uploads\/2024\/06\/chargement-par-loperateur-scaled.jpg","datePublished":"2024-10-08T13:48:50+00:00","dateModified":"2025-09-11T07:38:13+00:00","description":"En savoir plus sur E-DENTIC \u00e0 propos des activit\u00e9s, des valeurs, du groupe, et des \u00e9tapes importantes dans l'histoire de la soci\u00e9t\u00e9.","breadcrumb":{"@id":"https:\/\/e-dentic.fr\/fr_fr\/politique-de-confidentialite\/#breadcrumb"},"inLanguage":"fr-FR","potentialAction":[{"@type":"ReadAction","target":["https:\/\/e-dentic.fr\/fr_fr\/politique-de-confidentialite\/"]}]},{"@type":"ImageObject","inLanguage":"fr-FR","@id":"https:\/\/e-dentic.fr\/fr_fr\/politique-de-confidentialite\/#primaryimage","url":"https:\/\/e-dentic.fr\/wp-content\/uploads\/2024\/06\/chargement-par-loperateur-scaled.jpg","contentUrl":"https:\/\/e-dentic.fr\/wp-content\/uploads\/2024\/06\/chargement-par-loperateur-scaled.jpg","width":2560,"height":1559,"caption":"Forklift operator during work in large warehouse"},{"@type":"BreadcrumbList","@id":"https:\/\/e-dentic.fr\/fr_fr\/politique-de-confidentialite\/#breadcrumb","itemListElement":[{"@type":"ListItem","position":1,"name":"Accueil","item":"https:\/\/e-dentic.fr\/fr_fr\/"},{"@type":"ListItem","position":2,"name":"Politique de confidentialit\u00e9"}]},{"@type":"WebSite","@id":"https:\/\/e-dentic.fr\/#website","url":"https:\/\/e-dentic.fr\/","name":"E-DENTIC","description":"Int\u00e9grateur de solutions logistiques innovantes","publisher":{"@id":"https:\/\/e-dentic.fr\/#organization"},"alternateName":"Int\u00e9grateur de solutions logistiques innovantes","potentialAction":[{"@type":"SearchAction","target":{"@type":"EntryPoint","urlTemplate":"https:\/\/e-dentic.fr\/?s={search_term_string}"},"query-input":{"@type":"PropertyValueSpecification","valueRequired":true,"valueName":"search_term_string"}}],"inLanguage":"fr-FR"},{"@type":"Organization","@id":"https:\/\/e-dentic.fr\/#organization","name":"E-DENTIC","url":"https:\/\/e-dentic.fr\/","logo":{"@type":"ImageObject","inLanguage":"fr-FR","@id":"https:\/\/e-dentic.fr\/#\/schema\/logo\/image\/","url":"https:\/\/e-dentic.fr\/wp-content\/uploads\/2024\/04\/E-DENTIC-logo-bleu.png","contentUrl":"https:\/\/e-dentic.fr\/wp-content\/uploads\/2024\/04\/E-DENTIC-logo-bleu.png","width":1460,"height":546,"caption":"E-DENTIC"},"image":{"@id":"https:\/\/e-dentic.fr\/#\/schema\/logo\/image\/"},"sameAs":["https:\/\/www.linkedin.com\/company\/e-dentic\/","https:\/\/www.youtube.com\/channel\/UCXOgh0CpgACK_KVKikApR9g"]}]}},"_links":{"self":[{"href":"https:\/\/e-dentic.fr\/fr_fr\/wp-json\/wp\/v2\/pages\/7472","targetHints":{"allow":["GET"]}}],"collection":[{"href":"https:\/\/e-dentic.fr\/fr_fr\/wp-json\/wp\/v2\/pages"}],"about":[{"href":"https:\/\/e-dentic.fr\/fr_fr\/wp-json\/wp\/v2\/types\/page"}],"author":[{"embeddable":true,"href":"https:\/\/e-dentic.fr\/fr_fr\/wp-json\/wp\/v2\/users\/1"}],"replies":[{"embeddable":true,"href":"https:\/\/e-dentic.fr\/fr_fr\/wp-json\/wp\/v2\/comments?post=7472"}],"version-history":[{"count":6,"href":"https:\/\/e-dentic.fr\/fr_fr\/wp-json\/wp\/v2\/pages\/7472\/revisions"}],"predecessor-version":[{"id":12227,"href":"https:\/\/e-dentic.fr\/fr_fr\/wp-json\/wp\/v2\/pages\/7472\/revisions\/12227"}],"wp:featuredmedia":[{"embeddable":true,"href":"https:\/\/e-dentic.fr\/fr_fr\/wp-json\/wp\/v2\/media\/6078"}],"wp:attachment":[{"href":"https:\/\/e-dentic.fr\/fr_fr\/wp-json\/wp\/v2\/media?parent=7472"}],"curies":[{"name":"wp","href":"https:\/\/api.w.org\/{rel}","templated":true}]}}