{"id":7472,"date":"2024-10-08T13:48:50","date_gmt":"2024-10-08T13:48:50","guid":{"rendered":"https:\/\/e-dentic.fr\/?page_id=7472"},"modified":"2025-09-11T09:38:13","modified_gmt":"2025-09-11T07:38:13","slug":"politique-de-confidentialite","status":"publish","type":"page","link":"https:\/\/e-dentic.fr\/es\/politica-de-privacidad\/","title":{"rendered":"Pol\u00edtica de privacidad"},"content":{"rendered":"<div data-elementor-type=\"wp-page\" data-elementor-id=\"7472\" class=\"elementor elementor-7472\">\n\t\t\t\t\t\t<section data-particle_enable=\"false\" data-particle-mobile-disabled=\"false\" class=\"elementor-section elementor-top-section elementor-element elementor-element-62be07ec elementor-section-content-middle elementor-section-boxed elementor-section-height-default elementor-section-height-default\" data-id=\"62be07ec\" data-element_type=\"section\" data-settings=\"{&quot;background_background&quot;:&quot;classic&quot;}\">\n\t\t\t\t\t\t\t<div class=\"elementor-background-overlay\"><\/div>\n\t\t\t\t\t\t\t<div class=\"elementor-container elementor-column-gap-no\">\n\t\t\t\t\t<div class=\"elementor-column elementor-col-100 elementor-top-column elementor-element elementor-element-529fd759\" data-id=\"529fd759\" data-element_type=\"column\">\n\t\t\t<div class=\"elementor-widget-wrap elementor-element-populated\">\n\t\t\t\t\t\t<div class=\"elementor-element elementor-element-1a06cc4f elementor-widget elementor-widget-heading\" data-id=\"1a06cc4f\" data-element_type=\"widget\" data-widget_type=\"heading.default\">\n\t\t\t\t<div class=\"elementor-widget-container\">\n\t\t\t\t\t<h1 class=\"elementor-heading-title elementor-size-default\">Pol\u00edtica de privacidad<\/h1>\t\t\t\t<\/div>\n\t\t\t\t<\/div>\n\t\t\t\t\t<\/div>\n\t\t<\/div>\n\t\t\t\t\t<\/div>\n\t\t<\/section>\n\t\t\t\t<section data-particle_enable=\"false\" data-particle-mobile-disabled=\"false\" class=\"elementor-section elementor-top-section elementor-element elementor-element-1a9c02d4 animated-slow elementor-section-boxed elementor-section-height-default elementor-section-height-default elementor-invisible\" data-id=\"1a9c02d4\" data-element_type=\"section\" data-settings=\"{&quot;animation&quot;:&quot;fadeInUp&quot;}\">\n\t\t\t\t\t\t<div class=\"elementor-container elementor-column-gap-no\">\n\t\t\t\t\t<div class=\"elementor-column elementor-col-100 elementor-top-column elementor-element elementor-element-6395ac67\" data-id=\"6395ac67\" data-element_type=\"column\">\n\t\t\t<div class=\"elementor-widget-wrap elementor-element-populated\">\n\t\t\t\t\t\t<div class=\"elementor-element elementor-element-c0cf252 elementor-widget elementor-widget-text-editor\" data-id=\"c0cf252\" data-element_type=\"widget\" data-widget_type=\"text-editor.default\">\n\t\t\t\t<div class=\"elementor-widget-container\">\n\t\t\t\t\t\t\t\t\t<p>Gracias por formar parte de nuestra comunidad en E-Dentic. Nos comprometemos a proteger su privacidad. Esta pol\u00edtica de privacidad explica c\u00f3mo recopilamos, utilizamos y compartimos sus datos personales cuando utiliza nuestros servicios, incluido nuestro sitio web www.e-dentic.fr (el \"Servicio\").<\/p><p>Si tiene alguna pregunta o duda sobre nuestra pol\u00edtica, p\u00f3ngase en contacto con nosotros en commercial@e-dentic.fr.<\/p><h2>\u00a0<\/h2><h2>Informaci\u00f3n recogida<\/h2><h3>Datos personales recogidos<\/h3><p>Cuando utilice nuestro Servicio, es posible que le pidamos que nos proporcione ciertos datos de identificaci\u00f3n personal que pueden utilizarse para ponernos en contacto con usted o identificarle. Estos datos incluyen, entre otros:<\/p><ul><li>\u00a0Nombre completo<\/li><li>Correo electr\u00f3nico<\/li><li>N\u00famero de tel\u00e9fono<\/li><li>Datos de uso (como p\u00e1ginas visitadas, duraci\u00f3n de la visita, etc.)<\/li><\/ul><p>Tambi\u00e9n recopilamos informaci\u00f3n sobre el comportamiento de navegaci\u00f3n de nuestros usuarios a trav\u00e9s de cookies y otras tecnolog\u00edas de seguimiento, que incluyen :<\/p><ul><li>\u00a0La direcci\u00f3n IP del dispositivo<\/li><li>El tipo de navegador utilizado<\/li><li>El sistema operativo del dispositivo y los identificadores \u00fanicos<\/li><\/ul><p>Estos datos se utilizan principalmente para mejorar la experiencia del usuario y personalizar las ofertas y servicios proporcionados.<\/p><h2>\u00a0<\/h2><h2><strong>Uso de la informaci\u00f3n recogida<\/strong><\/h2><h3>Finalidad de los datos<\/h3><p>La informaci\u00f3n que recopilamos se utiliza para los siguientes fines:<\/p><ul><li>Prestaci\u00f3n y mantenimiento de nuestros servicios: Los datos son necesarios para acceder y utilizar el Servicio y para responder a sus solicitudes.<\/li><li>Personalizaci\u00f3n de la experiencia del usuario: Utilizamos sus datos para adaptar nuestros contenidos, comunicaciones, ofertas y recomendaciones en funci\u00f3n de sus preferencias e historial de navegaci\u00f3n.<\/li><li>Comunicaci\u00f3n con los usuarios: Utilizamos sus datos para enviarle actualizaciones, ofertas comerciales e informaci\u00f3n relacionada con el uso del Servicio.<\/li><li>Seguridad y prevenci\u00f3n del fraude: Los datos recogidos se utilizan para garantizar la seguridad de los usuarios y del Servicio mediante la prevenci\u00f3n de cualquier fallo de seguridad.<\/li><\/ul><h2>\u00a0<\/h2><h2>Compartir datos con terceros<\/h2><p>Podemos compartir su informaci\u00f3n personal en las siguientes situaciones:<\/p><ul><li>\u00a0Con proveedores de servicios: Para supervisar el uso del Servicio o ponerse en contacto con usted.<\/li><li>Transferencias empresariales: Como parte de una fusi\u00f3n, venta de activos u otro tipo de transferencia empresarial, su informaci\u00f3n personal puede ser transferida.<\/li><li>Con su consentimiento: En otras situaciones, su informaci\u00f3n s\u00f3lo se compartir\u00e1 si usted ha dado su consentimiento expl\u00edcito.<\/li><\/ul><h2>\u00a0<\/h2><h2>Conservaci\u00f3n de datos<\/h2><p>Sus datos personales s\u00f3lo se conservar\u00e1n durante el tiempo que sea necesario para los fines descritos en esta pol\u00edtica, a menos que est\u00e9 legalmente obligado a conservarlos durante m\u00e1s tiempo. Los datos de uso recogidos con fines anal\u00edticos podr\u00e1n conservarse durante m\u00e1s tiempo si ello contribuye a mejorar la seguridad o la funcionalidad del Servicio.<\/p><h2>\u00a0<\/h2><h2>Seguridad de los datos<\/h2><p>Utilizamos medidas de seguridad t\u00e9cnicas y organizativas para proteger su informaci\u00f3n personal contra el acceso, la modificaci\u00f3n o la divulgaci\u00f3n no autorizados. No obstante, tenga en cuenta que ning\u00fan m\u00e9todo de transmisi\u00f3n a trav\u00e9s de Internet o m\u00e9todo de almacenamiento electr\u00f3nico es completamente seguro. Nos esforzamos por proteger su informaci\u00f3n, pero no podemos garantizar su seguridad absoluta.<\/p><h2>\u00a0<\/h2><h2>Derechos del usuario<\/h2><p>De acuerdo con el RGPD, usted tiene los siguientes derechos en relaci\u00f3n con su informaci\u00f3n:<\/p><ul><li>Acceso: Puede solicitar ver los datos que tenemos sobre usted.<\/li><li>Rectificaci\u00f3n: Tiene derecho a corregir cualquier informaci\u00f3n inexacta o incompleta.<\/li><li>Supresi\u00f3n: Puede solicitar la supresi\u00f3n de sus datos personales.<\/li><li>Objeci\u00f3n: Puede oponerse al uso de sus datos con fines de marketing directo.<\/li><\/ul><p>Para ejercer sus derechos, p\u00f3ngase en contacto con nosotros en la siguiente direcci\u00f3n: commercial@e-dentic.fr.<\/p><h2>\u00a0<\/h2><h2>Cookies y tecnolog\u00edas de seguimiento<\/h2><p>Utilizamos cookies para mejorar su experiencia en nuestro sitio web. Las cookies nos permiten seguir su navegaci\u00f3n y almacenar cierta informaci\u00f3n, como sus preferencias de idioma o las p\u00e1ginas que ha visitado.<\/p><p>Tipos de cookies utilizadas :<\/p><ul><li>Cookies esenciales: Necesarias para el funcionamiento del Servicio.<\/li><li>Cookies de rendimiento: utilizadas para analizar el uso del Servicio y mejorar su rendimiento.<\/li><li>Cookies de personalizaci\u00f3n: almacenan sus preferencias y personalizan su experiencia de usuario.<\/li><\/ul><p>Puede configurar su navegador para rechazar el uso de cookies, pero esto puede afectar a ciertas funcionalidades del Servicio.<\/p><h2>\u00a0<\/h2><h2>Transferencia internacional de datos<\/h2><p>La informaci\u00f3n personal recopilada puede ser transferida y procesada en pa\u00edses fuera de la Uni\u00f3n Europea. En este caso, tomamos todas las medidas necesarias para garantizar que sus datos est\u00e9n protegidos de acuerdo con esta pol\u00edtica de privacidad.<\/p><h2>\u00a0<\/h2><h2>Cambios en esta pol\u00edtica<\/h2><p>Podemos actualizar esta pol\u00edtica de privacidad de vez en cuando para reflejar los cambios en nuestras pr\u00e1cticas de procesamiento de datos. Le notificaremos por correo electr\u00f3nico o mediante un aviso en nuestro sitio web en caso de que se produzcan cambios significativos.<\/p><p>Si tiene alguna pregunta sobre esta pol\u00edtica de privacidad, p\u00f3ngase en contacto con nosotros en commercial@e-dentic.fr.<\/p><p style=\"text-align: left;\"><strong>\u00daltima actualizaci\u00f3n: 8 de octubre de 2024<\/strong><\/p>\t\t\t\t\t\t\t\t<\/div>\n\t\t\t\t<\/div>\n\t\t\t\t\t<\/div>\n\t\t<\/div>\n\t\t\t\t\t<\/div>\n\t\t<\/section>\n\t\t\t\t<section data-particle_enable=\"false\" data-particle-mobile-disabled=\"false\" class=\"elementor-section elementor-top-section elementor-element elementor-element-e8fc9cc elementor-section-content-middle elementor-section-boxed elementor-section-height-default elementor-section-height-default\" data-id=\"e8fc9cc\" data-element_type=\"section\" data-settings=\"{&quot;background_background&quot;:&quot;classic&quot;}\">\n\t\t\t\t\t\t\t<div class=\"elementor-background-overlay\"><\/div>\n\t\t\t\t\t\t\t<div class=\"elementor-container elementor-column-gap-no\">\n\t\t\t\t\t<div class=\"elementor-column elementor-col-50 elementor-top-column elementor-element elementor-element-b2d017b\" data-id=\"b2d017b\" data-element_type=\"column\">\n\t\t\t<div class=\"elementor-widget-wrap elementor-element-populated\">\n\t\t\t\t\t\t<div class=\"elementor-element elementor-element-bd67abc elementor-headline--style-highlight elementor-widget elementor-widget-animated-headline\" data-id=\"bd67abc\" data-element_type=\"widget\" data-settings=\"{&quot;highlighted_text&quot;:&quot;Int\\u00e9grez la technologie&quot;,&quot;highlight_animation_duration&quot;:0,&quot;headline_style&quot;:&quot;highlight&quot;,&quot;marker&quot;:&quot;circle&quot;}\" data-widget_type=\"animated-headline.default\">\n\t\t\t\t<div class=\"elementor-widget-container\">\n\t\t\t\t\t\t\t<h2 class=\"elementor-headline\">\n\t\t\t\t<span class=\"elementor-headline-dynamic-wrapper elementor-headline-text-wrapper\">\n\t\t\t\t\t<span class=\"elementor-headline-dynamic-text elementor-headline-text-active\">Integrar la tecnolog\u00eda<\/span>\n\t\t\t\t<\/span>\n\t\t\t\t\t<span class=\"elementor-headline-plain-text elementor-headline-text-wrapper\">para optimizar su almac\u00e9n<\/span>\n\t\t\t\t\t<\/h2>\n\t\t\t\t\t\t<\/div>\n\t\t\t\t<\/div>\n\t\t\t\t<div class=\"elementor-element elementor-element-68c7e8c elementor-widget elementor-widget-heading\" data-id=\"68c7e8c\" data-element_type=\"widget\" data-widget_type=\"heading.default\">\n\t\t\t\t<div class=\"elementor-widget-container\">\n\t\t\t\t\t<div class=\"elementor-heading-title elementor-size-default\">Mejorar la eficacia operativa, la calidad del servicio y la ergonom\u00eda del trabajo: p\u00eddanos nuestra experiencia<\/div>\t\t\t\t<\/div>\n\t\t\t\t<\/div>\n\t\t\t\t\t<\/div>\n\t\t<\/div>\n\t\t\t\t<div class=\"elementor-column elementor-col-50 elementor-top-column elementor-element elementor-element-9172b88\" data-id=\"9172b88\" data-element_type=\"column\">\n\t\t\t<div class=\"elementor-widget-wrap elementor-element-populated\">\n\t\t\t\t\t\t<div class=\"elementor-element elementor-element-1e9317c elementor-align-center elementor-widget__width-auto elementor-mobile-align-justify elementor-widget-mobile__width-inherit animated-slow elementor-widget elementor-widget-button\" data-id=\"1e9317c\" data-element_type=\"widget\" id=\"d\u00e9ployer\" data-settings=\"{&quot;_animation&quot;:&quot;none&quot;}\" data-widget_type=\"button.default\">\n\t\t\t\t<div class=\"elementor-widget-container\">\n\t\t\t\t\t\t\t\t\t<div class=\"elementor-button-wrapper\">\n\t\t\t\t\t<a class=\"elementor-button elementor-size-md\" role=\"button\">\n\t\t\t\t\t\t<span class=\"elementor-button-content-wrapper\">\n\t\t\t\t\t\t<span class=\"elementor-button-icon\">\n\t\t\t\t<svg aria-hidden=\"true\" class=\"e-font-icon-svg e-fas-angle-right\" viewbox=\"0 0 256 512\" xmlns=\"http:\/\/www.w3.org\/2000\/svg\"><path d=\"M224.3 273l-136 136c-9.4 9.4-24.6 9.4-33.9 0l-22.6-22.6c-9.4-9.4-9.4-24.6 0-33.9l96.4-96.4-96.4-96.4c-9.4-9.4-9.4-24.6 0-33.9L54.3 103c9.4-9.4 24.6-9.4 33.9 0l136 136c9.5 9.4 9.5 24.6.1 34z\"><\/path><\/svg>\t\t\t<\/span>\n\t\t\t\t\t\t\t\t\t<span class=\"elementor-button-text\">Inicie<\/span>\n\t\t\t\t\t<\/span>\n\t\t\t\t\t<\/a>\n\t\t\t\t<\/div>\n\t\t\t\t\t\t\t\t<\/div>\n\t\t\t\t<\/div>\n\t\t\t\t<div class=\"elementor-element elementor-element-a67a0c5 elementor-widget__width-auto e-transform elementor-mobile-align-center elementor-widget-mobile__width-inherit elementor-align-center elementor-widget elementor-widget-button\" data-id=\"a67a0c5\" data-element_type=\"widget\" id=\"commencer\" data-settings=\"{&quot;_transform_translateY_effect_hover&quot;:{&quot;unit&quot;:&quot;px&quot;,&quot;size&quot;:-4,&quot;sizes&quot;:[]},&quot;_transform_translateX_effect_hover&quot;:{&quot;unit&quot;:&quot;px&quot;,&quot;size&quot;:&quot;&quot;,&quot;sizes&quot;:[]},&quot;_transform_translateX_effect_hover_tablet&quot;:{&quot;unit&quot;:&quot;px&quot;,&quot;size&quot;:&quot;&quot;,&quot;sizes&quot;:[]},&quot;_transform_translateX_effect_hover_mobile&quot;:{&quot;unit&quot;:&quot;px&quot;,&quot;size&quot;:&quot;&quot;,&quot;sizes&quot;:[]},&quot;_transform_translateY_effect_hover_tablet&quot;:{&quot;unit&quot;:&quot;px&quot;,&quot;size&quot;:&quot;&quot;,&quot;sizes&quot;:[]},&quot;_transform_translateY_effect_hover_mobile&quot;:{&quot;unit&quot;:&quot;px&quot;,&quot;size&quot;:&quot;&quot;,&quot;sizes&quot;:[]}}\" data-widget_type=\"button.default\">\n\t\t\t\t<div class=\"elementor-widget-container\">\n\t\t\t\t\t\t\t\t\t<div class=\"elementor-button-wrapper\">\n\t\t\t\t\t<a class=\"elementor-button elementor-size-sm\" role=\"button\">\n\t\t\t\t\t\t<span class=\"elementor-button-content-wrapper\">\n\t\t\t\t\t\t<span class=\"elementor-button-icon\">\n\t\t\t\t<svg aria-hidden=\"true\" class=\"e-font-icon-svg e-fas-chevron-right\" viewbox=\"0 0 320 512\" xmlns=\"http:\/\/www.w3.org\/2000\/svg\"><path d=\"M285.476 272.971L91.132 467.314c-9.373 9.373-24.569 9.373-33.941 0l-22.667-22.667c-9.357-9.357-9.375-24.522-.04-33.901L188.505 256 34.484 101.255c-9.335-9.379-9.317-24.544.04-33.901l22.667-22.667c9.373-9.373 24.569-9.373 33.941 0L285.475 239.03c9.373 9.372 9.373 24.568.001 33.941z\"><\/path><\/svg>\t\t\t<\/span>\n\t\t\t\t\t\t\t\t\t<span class=\"elementor-button-text\">Descubra nuestras soluciones<\/span>\n\t\t\t\t\t<\/span>\n\t\t\t\t\t<\/a>\n\t\t\t\t<\/div>\n\t\t\t\t\t\t\t\t<\/div>\n\t\t\t\t<\/div>\n\t\t\t\t\t<\/div>\n\t\t<\/div>\n\t\t\t\t\t<\/div>\n\t\t<\/section>\n\t\t\t\t<\/div>","protected":false},"excerpt":{"rendered":"<p>Politique de confidentialit\u00e9 Nous vous remercions de faire partie de notre communaut\u00e9 chez E-Dentic. Nous sommes engag\u00e9s \u00e0 prot\u00e9ger vos donn\u00e9es personnelles et votre droit \u00e0 la confidentialit\u00e9. Cette politique de confidentialit\u00e9 explique comment nous collectons, utilisons et partageons vos donn\u00e9es personnelles lorsque vous utilisez nos services, incluant notre site web www.e-dentic.fr (le \u00ab Service [&hellip;]<\/p>\n","protected":false},"author":1,"featured_media":6078,"parent":0,"menu_order":0,"comment_status":"closed","ping_status":"closed","template":"","meta":{"inline_featured_image":false,"footnotes":""},"class_list":["post-7472","page","type-page","status-publish","has-post-thumbnail","hentry"],"yoast_head":"<!-- This site is optimized with the Yoast SEO Premium plugin v22.6 (Yoast SEO v25.2) - https:\/\/yoast.com\/wordpress\/plugins\/seo\/ -->\n<title>Politique de confidentialit\u00e9 - E-DENTIC<\/title>\n<meta name=\"description\" content=\"En savoir plus sur E-DENTIC \u00e0 propos des activit\u00e9s, des valeurs, du groupe, et des \u00e9tapes importantes dans l&#039;histoire de la soci\u00e9t\u00e9.\" \/>\n<meta name=\"robots\" content=\"noindex, nofollow\" \/>\n<meta property=\"og:locale\" content=\"es_ES\" \/>\n<meta property=\"og:type\" content=\"article\" \/>\n<meta property=\"og:title\" content=\"Politique de confidentialit\u00e9\" \/>\n<meta property=\"og:description\" content=\"En savoir plus sur E-DENTIC \u00e0 propos des activit\u00e9s, des valeurs, du groupe, et des \u00e9tapes importantes dans l&#039;histoire de la soci\u00e9t\u00e9.\" \/>\n<meta property=\"og:url\" content=\"https:\/\/e-dentic.fr\/es\/politica-de-privacidad\/\" \/>\n<meta property=\"og:site_name\" content=\"E-DENTIC\" \/>\n<meta property=\"article:modified_time\" content=\"2025-09-11T07:38:13+00:00\" \/>\n<meta property=\"og:image\" content=\"https:\/\/e-dentic.fr\/wp-content\/uploads\/2024\/06\/chargement-par-loperateur-scaled.jpg\" \/>\n\t<meta property=\"og:image:width\" content=\"2560\" \/>\n\t<meta property=\"og:image:height\" content=\"1559\" \/>\n\t<meta property=\"og:image:type\" content=\"image\/jpeg\" \/>\n<meta name=\"twitter:card\" content=\"summary_large_image\" \/>\n<meta name=\"twitter:label1\" content=\"Tiempo de lectura\" \/>\n\t<meta name=\"twitter:data1\" content=\"5 minutos\" \/>\n<script type=\"application\/ld+json\" class=\"yoast-schema-graph\">{\"@context\":\"https:\/\/schema.org\",\"@graph\":[{\"@type\":\"WebPage\",\"@id\":\"https:\/\/e-dentic.fr\/fr_fr\/politique-de-confidentialite\/\",\"url\":\"https:\/\/e-dentic.fr\/fr_fr\/politique-de-confidentialite\/\",\"name\":\"Politique de confidentialit\u00e9 - E-DENTIC\",\"isPartOf\":{\"@id\":\"https:\/\/e-dentic.fr\/#website\"},\"primaryImageOfPage\":{\"@id\":\"https:\/\/e-dentic.fr\/fr_fr\/politique-de-confidentialite\/#primaryimage\"},\"image\":{\"@id\":\"https:\/\/e-dentic.fr\/fr_fr\/politique-de-confidentialite\/#primaryimage\"},\"thumbnailUrl\":\"https:\/\/e-dentic.fr\/wp-content\/uploads\/2024\/06\/chargement-par-loperateur-scaled.jpg\",\"datePublished\":\"2024-10-08T13:48:50+00:00\",\"dateModified\":\"2025-09-11T07:38:13+00:00\",\"description\":\"En savoir plus sur E-DENTIC \u00e0 propos des activit\u00e9s, des valeurs, du groupe, et des \u00e9tapes importantes dans l'histoire de la soci\u00e9t\u00e9.\",\"breadcrumb\":{\"@id\":\"https:\/\/e-dentic.fr\/fr_fr\/politique-de-confidentialite\/#breadcrumb\"},\"inLanguage\":\"es\",\"potentialAction\":[{\"@type\":\"ReadAction\",\"target\":[\"https:\/\/e-dentic.fr\/fr_fr\/politique-de-confidentialite\/\"]}]},{\"@type\":\"ImageObject\",\"inLanguage\":\"es\",\"@id\":\"https:\/\/e-dentic.fr\/fr_fr\/politique-de-confidentialite\/#primaryimage\",\"url\":\"https:\/\/e-dentic.fr\/wp-content\/uploads\/2024\/06\/chargement-par-loperateur-scaled.jpg\",\"contentUrl\":\"https:\/\/e-dentic.fr\/wp-content\/uploads\/2024\/06\/chargement-par-loperateur-scaled.jpg\",\"width\":2560,\"height\":1559,\"caption\":\"Forklift operator during work in large warehouse\"},{\"@type\":\"BreadcrumbList\",\"@id\":\"https:\/\/e-dentic.fr\/fr_fr\/politique-de-confidentialite\/#breadcrumb\",\"itemListElement\":[{\"@type\":\"ListItem\",\"position\":1,\"name\":\"Accueil\",\"item\":\"https:\/\/e-dentic.fr\/fr_fr\/\"},{\"@type\":\"ListItem\",\"position\":2,\"name\":\"Politique de confidentialit\u00e9\"}]},{\"@type\":\"WebSite\",\"@id\":\"https:\/\/e-dentic.fr\/#website\",\"url\":\"https:\/\/e-dentic.fr\/\",\"name\":\"E-DENTIC\",\"description\":\"Int\u00e9grateur de solutions logistiques innovantes\",\"publisher\":{\"@id\":\"https:\/\/e-dentic.fr\/#organization\"},\"alternateName\":\"Int\u00e9grateur de solutions logistiques innovantes\",\"potentialAction\":[{\"@type\":\"SearchAction\",\"target\":{\"@type\":\"EntryPoint\",\"urlTemplate\":\"https:\/\/e-dentic.fr\/?s={search_term_string}\"},\"query-input\":{\"@type\":\"PropertyValueSpecification\",\"valueRequired\":true,\"valueName\":\"search_term_string\"}}],\"inLanguage\":\"es\"},{\"@type\":\"Organization\",\"@id\":\"https:\/\/e-dentic.fr\/#organization\",\"name\":\"E-DENTIC\",\"url\":\"https:\/\/e-dentic.fr\/\",\"logo\":{\"@type\":\"ImageObject\",\"inLanguage\":\"es\",\"@id\":\"https:\/\/e-dentic.fr\/#\/schema\/logo\/image\/\",\"url\":\"https:\/\/e-dentic.fr\/wp-content\/uploads\/2024\/04\/E-DENTIC-logo-bleu.png\",\"contentUrl\":\"https:\/\/e-dentic.fr\/wp-content\/uploads\/2024\/04\/E-DENTIC-logo-bleu.png\",\"width\":1460,\"height\":546,\"caption\":\"E-DENTIC\"},\"image\":{\"@id\":\"https:\/\/e-dentic.fr\/#\/schema\/logo\/image\/\"},\"sameAs\":[\"https:\/\/www.linkedin.com\/company\/e-dentic\/\",\"https:\/\/www.youtube.com\/channel\/UCXOgh0CpgACK_KVKikApR9g\"]}]}<\/script>\n<!-- \/ Yoast SEO Premium plugin. -->","yoast_head_json":{"title":"Pol\u00edtica de privacidad - E-DENTIC","description":"Obtenga m\u00e1s informaci\u00f3n sobre las actividades de E-DENTIC, sus valores, el grupo y los hitos de la historia de la empresa.","robots":{"index":"noindex","follow":"nofollow"},"og_locale":"es_ES","og_type":"article","og_title":"Politique de confidentialit\u00e9","og_description":"En savoir plus sur E-DENTIC \u00e0 propos des activit\u00e9s, des valeurs, du groupe, et des \u00e9tapes importantes dans l'histoire de la soci\u00e9t\u00e9.","og_url":"https:\/\/e-dentic.fr\/es\/politica-de-privacidad\/","og_site_name":"E-DENTIC","article_modified_time":"2025-09-11T07:38:13+00:00","og_image":[{"width":2560,"height":1559,"url":"https:\/\/e-dentic.fr\/wp-content\/uploads\/2024\/06\/chargement-par-loperateur-scaled.jpg","type":"image\/jpeg"}],"twitter_card":"summary_large_image","twitter_misc":{"Tiempo de lectura":"5 minutos"},"schema":{"@context":"https:\/\/schema.org","@graph":[{"@type":"WebPage","@id":"https:\/\/e-dentic.fr\/fr_fr\/politique-de-confidentialite\/","url":"https:\/\/e-dentic.fr\/fr_fr\/politique-de-confidentialite\/","name":"Pol\u00edtica de privacidad - E-DENTIC","isPartOf":{"@id":"https:\/\/e-dentic.fr\/#website"},"primaryImageOfPage":{"@id":"https:\/\/e-dentic.fr\/fr_fr\/politique-de-confidentialite\/#primaryimage"},"image":{"@id":"https:\/\/e-dentic.fr\/fr_fr\/politique-de-confidentialite\/#primaryimage"},"thumbnailUrl":"https:\/\/e-dentic.fr\/wp-content\/uploads\/2024\/06\/chargement-par-loperateur-scaled.jpg","datePublished":"2024-10-08T13:48:50+00:00","dateModified":"2025-09-11T07:38:13+00:00","description":"Obtenga m\u00e1s informaci\u00f3n sobre las actividades de E-DENTIC, sus valores, el grupo y los hitos de la historia de la empresa.","breadcrumb":{"@id":"https:\/\/e-dentic.fr\/fr_fr\/politique-de-confidentialite\/#breadcrumb"},"inLanguage":"es","potentialAction":[{"@type":"ReadAction","target":["https:\/\/e-dentic.fr\/fr_fr\/politique-de-confidentialite\/"]}]},{"@type":"ImageObject","inLanguage":"es","@id":"https:\/\/e-dentic.fr\/fr_fr\/politique-de-confidentialite\/#primaryimage","url":"https:\/\/e-dentic.fr\/wp-content\/uploads\/2024\/06\/chargement-par-loperateur-scaled.jpg","contentUrl":"https:\/\/e-dentic.fr\/wp-content\/uploads\/2024\/06\/chargement-par-loperateur-scaled.jpg","width":2560,"height":1559,"caption":"Forklift operator during work in large warehouse"},{"@type":"BreadcrumbList","@id":"https:\/\/e-dentic.fr\/fr_fr\/politique-de-confidentialite\/#breadcrumb","itemListElement":[{"@type":"ListItem","position":1,"name":"Accueil","item":"https:\/\/e-dentic.fr\/fr_fr\/"},{"@type":"ListItem","position":2,"name":"Politique de confidentialit\u00e9"}]},{"@type":"WebSite","@id":"https:\/\/e-dentic.fr\/#website","url":"https:\/\/e-dentic.fr\/","name":"E-DENTIC","description":"Integrador de soluciones log\u00edsticas innovadoras","publisher":{"@id":"https:\/\/e-dentic.fr\/#organization"},"alternateName":"Int\u00e9grateur de solutions logistiques innovantes","potentialAction":[{"@type":"SearchAction","target":{"@type":"EntryPoint","urlTemplate":"https:\/\/e-dentic.fr\/?s={search_term_string}"},"query-input":{"@type":"PropertyValueSpecification","valueRequired":true,"valueName":"search_term_string"}}],"inLanguage":"es"},{"@type":"Organization","@id":"https:\/\/e-dentic.fr\/#organization","name":"E-DENTIC","url":"https:\/\/e-dentic.fr\/","logo":{"@type":"ImageObject","inLanguage":"es","@id":"https:\/\/e-dentic.fr\/#\/schema\/logo\/image\/","url":"https:\/\/e-dentic.fr\/wp-content\/uploads\/2024\/04\/E-DENTIC-logo-bleu.png","contentUrl":"https:\/\/e-dentic.fr\/wp-content\/uploads\/2024\/04\/E-DENTIC-logo-bleu.png","width":1460,"height":546,"caption":"E-DENTIC"},"image":{"@id":"https:\/\/e-dentic.fr\/#\/schema\/logo\/image\/"},"sameAs":["https:\/\/www.linkedin.com\/company\/e-dentic\/","https:\/\/www.youtube.com\/channel\/UCXOgh0CpgACK_KVKikApR9g"]}]}},"_links":{"self":[{"href":"https:\/\/e-dentic.fr\/es\/wp-json\/wp\/v2\/pages\/7472","targetHints":{"allow":["GET"]}}],"collection":[{"href":"https:\/\/e-dentic.fr\/es\/wp-json\/wp\/v2\/pages"}],"about":[{"href":"https:\/\/e-dentic.fr\/es\/wp-json\/wp\/v2\/types\/page"}],"author":[{"embeddable":true,"href":"https:\/\/e-dentic.fr\/es\/wp-json\/wp\/v2\/users\/1"}],"replies":[{"embeddable":true,"href":"https:\/\/e-dentic.fr\/es\/wp-json\/wp\/v2\/comments?post=7472"}],"version-history":[{"count":6,"href":"https:\/\/e-dentic.fr\/es\/wp-json\/wp\/v2\/pages\/7472\/revisions"}],"predecessor-version":[{"id":12227,"href":"https:\/\/e-dentic.fr\/es\/wp-json\/wp\/v2\/pages\/7472\/revisions\/12227"}],"wp:featuredmedia":[{"embeddable":true,"href":"https:\/\/e-dentic.fr\/es\/wp-json\/wp\/v2\/media\/6078"}],"wp:attachment":[{"href":"https:\/\/e-dentic.fr\/es\/wp-json\/wp\/v2\/media?parent=7472"}],"curies":[{"name":"wp","href":"https:\/\/api.w.org\/{rel}","templated":true}]}}