{"id":7484,"date":"2024-10-08T14:53:53","date_gmt":"2024-10-08T14:53:53","guid":{"rendered":"https:\/\/e-dentic.fr\/?page_id=7484"},"modified":"2025-09-11T09:36:44","modified_gmt":"2025-09-11T07:36:44","slug":"mentions-legales","status":"publish","type":"page","link":"https:\/\/e-dentic.fr\/en\/full-marks\/","title":{"rendered":"Legal information"},"content":{"rendered":"<div data-elementor-type=\"wp-page\" data-elementor-id=\"7484\" class=\"elementor elementor-7484\">\n\t\t\t\t\t\t<section data-particle_enable=\"false\" data-particle-mobile-disabled=\"false\" class=\"elementor-section elementor-top-section elementor-element elementor-element-62be07ec elementor-section-content-middle elementor-section-boxed elementor-section-height-default elementor-section-height-default\" data-id=\"62be07ec\" data-element_type=\"section\" data-settings=\"{&quot;background_background&quot;:&quot;classic&quot;}\">\n\t\t\t\t\t\t\t<div class=\"elementor-background-overlay\"><\/div>\n\t\t\t\t\t\t\t<div class=\"elementor-container elementor-column-gap-no\">\n\t\t\t\t\t<div class=\"elementor-column elementor-col-100 elementor-top-column elementor-element elementor-element-529fd759\" data-id=\"529fd759\" data-element_type=\"column\">\n\t\t\t<div class=\"elementor-widget-wrap elementor-element-populated\">\n\t\t\t\t\t\t<div class=\"elementor-element elementor-element-1a06cc4f elementor-widget elementor-widget-heading\" data-id=\"1a06cc4f\" data-element_type=\"widget\" data-widget_type=\"heading.default\">\n\t\t\t\t<div class=\"elementor-widget-container\">\n\t\t\t\t\t<h1 class=\"elementor-heading-title elementor-size-default\">Information<br>legal<\/h1>\t\t\t\t<\/div>\n\t\t\t\t<\/div>\n\t\t\t\t\t<\/div>\n\t\t<\/div>\n\t\t\t\t\t<\/div>\n\t\t<\/section>\n\t\t\t\t<section data-particle_enable=\"false\" data-particle-mobile-disabled=\"false\" class=\"elementor-section elementor-top-section elementor-element elementor-element-1a9c02d4 animated-slow elementor-section-boxed elementor-section-height-default elementor-section-height-default elementor-invisible\" data-id=\"1a9c02d4\" data-element_type=\"section\" data-settings=\"{&quot;animation&quot;:&quot;fadeInUp&quot;}\">\n\t\t\t\t\t\t<div class=\"elementor-container elementor-column-gap-no\">\n\t\t\t\t\t<div class=\"elementor-column elementor-col-100 elementor-top-column elementor-element elementor-element-6395ac67\" data-id=\"6395ac67\" data-element_type=\"column\">\n\t\t\t<div class=\"elementor-widget-wrap elementor-element-populated\">\n\t\t\t\t\t\t<div class=\"elementor-element elementor-element-c0cf252 elementor-widget elementor-widget-text-editor\" data-id=\"c0cf252\" data-element_type=\"widget\" data-widget_type=\"text-editor.default\">\n\t\t\t\t<div class=\"elementor-widget-container\">\n\t\t\t\t\t\t\t\t\t<p>In accordance with the provisions of law no. 2004-575 of 21 June 2004 on confidence in the digital economy, users of the E-Dentic SAS website are informed of the identity of the various parties involved in its creation and follow-up.<\/p><h2>Site editing\u00a0<\/h2><p>This site, accessible at URL <a href=\"https:\/\/e-dentic.fr\/en\/\">www.e-dentic.fr<\/a> (the \"Site\"), is published by : E-Dentic SAS.<em><br \/><\/em>E-Dentic SAS, a company with a capital of 95 418 Euros, registered with the R.C.S. of LYON under the number 449 240 266, whose registered office is located at 13 chemin de la plaine 69390 VOURLES, represented by Gilles Tassery (duly authorised representative).<\/p><p>The publisher's individual VAT number is: FR 94 449240266.<\/p><h2>Hosting<\/h2><p>The Site is hosted by PlanetHoster, located at 4416 Louis-B.-Mayer Laval, Quebec Canada H7P 0G1, (telephone contact or email: (+1) 855 774 4678).<\/p><h2>Director of publication\u00a0<\/h2><p>The Site Publication Director is E-Dentic SAS.<\/p><h2>Contact us\u00a0<\/h2><p>By telephone: +33 4 72 65 65 24<\/p><p>By email : <a href=\"mailto:commercial@e-dentic.fr\">commercial@e-dentic.fr<\/a><\/p><p>By post: 13 chemin de la plaine, 69390 VOURLES<\/p><h2>Personal data<\/h2><p>The processing of your personal data is governed by our Privacy Charter, available from the \"Privacy Policy\" section, in accordance with the General Data Protection Regulation 2016\/679 of 27 April 2016 (\"GDPR\").<\/p><p><strong>Last updated on 8 October 2024.<\/strong><\/p>\t\t\t\t\t\t\t\t<\/div>\n\t\t\t\t<\/div>\n\t\t\t\t\t<\/div>\n\t\t<\/div>\n\t\t\t\t\t<\/div>\n\t\t<\/section>\n\t\t\t\t<section data-particle_enable=\"false\" data-particle-mobile-disabled=\"false\" class=\"elementor-section elementor-top-section elementor-element elementor-element-e8fc9cc elementor-section-content-middle elementor-section-boxed elementor-section-height-default elementor-section-height-default\" data-id=\"e8fc9cc\" data-element_type=\"section\" data-settings=\"{&quot;background_background&quot;:&quot;classic&quot;}\">\n\t\t\t\t\t\t\t<div class=\"elementor-background-overlay\"><\/div>\n\t\t\t\t\t\t\t<div class=\"elementor-container elementor-column-gap-no\">\n\t\t\t\t\t<div class=\"elementor-column elementor-col-50 elementor-top-column elementor-element elementor-element-b2d017b\" data-id=\"b2d017b\" data-element_type=\"column\">\n\t\t\t<div class=\"elementor-widget-wrap elementor-element-populated\">\n\t\t\t\t\t\t<div class=\"elementor-element elementor-element-bd67abc elementor-headline--style-highlight elementor-widget elementor-widget-animated-headline\" data-id=\"bd67abc\" data-element_type=\"widget\" data-settings=\"{&quot;highlighted_text&quot;:&quot;Int\\u00e9grez la technologie&quot;,&quot;highlight_animation_duration&quot;:0,&quot;headline_style&quot;:&quot;highlight&quot;,&quot;marker&quot;:&quot;circle&quot;}\" data-widget_type=\"animated-headline.default\">\n\t\t\t\t<div class=\"elementor-widget-container\">\n\t\t\t\t\t\t\t<h2 class=\"elementor-headline\">\n\t\t\t\t<span class=\"elementor-headline-dynamic-wrapper elementor-headline-text-wrapper\">\n\t\t\t\t\t<span class=\"elementor-headline-dynamic-text elementor-headline-text-active\">Integrate technology<\/span>\n\t\t\t\t<\/span>\n\t\t\t\t\t<span class=\"elementor-headline-plain-text elementor-headline-text-wrapper\">to optimise your warehouse<\/span>\n\t\t\t\t\t<\/h2>\n\t\t\t\t\t\t<\/div>\n\t\t\t\t<\/div>\n\t\t\t\t<div class=\"elementor-element elementor-element-68c7e8c elementor-widget elementor-widget-heading\" data-id=\"68c7e8c\" data-element_type=\"widget\" data-widget_type=\"heading.default\">\n\t\t\t\t<div class=\"elementor-widget-container\">\n\t\t\t\t\t<div class=\"elementor-heading-title elementor-size-default\">Improving operational efficiency, service quality and work ergonomics: ask us for our expertise<\/div>\t\t\t\t<\/div>\n\t\t\t\t<\/div>\n\t\t\t\t\t<\/div>\n\t\t<\/div>\n\t\t\t\t<div class=\"elementor-column elementor-col-50 elementor-top-column elementor-element elementor-element-9172b88\" data-id=\"9172b88\" data-element_type=\"column\">\n\t\t\t<div class=\"elementor-widget-wrap elementor-element-populated\">\n\t\t\t\t\t\t<div class=\"elementor-element elementor-element-1e9317c elementor-align-center elementor-widget__width-auto elementor-mobile-align-justify elementor-widget-mobile__width-inherit animated-slow elementor-widget elementor-widget-button\" data-id=\"1e9317c\" data-element_type=\"widget\" id=\"d\u00e9ployer\" data-settings=\"{&quot;_animation&quot;:&quot;none&quot;}\" data-widget_type=\"button.default\">\n\t\t\t\t<div class=\"elementor-widget-container\">\n\t\t\t\t\t\t\t\t\t<div class=\"elementor-button-wrapper\">\n\t\t\t\t\t<a class=\"elementor-button elementor-size-md\" role=\"button\">\n\t\t\t\t\t\t<span class=\"elementor-button-content-wrapper\">\n\t\t\t\t\t\t<span class=\"elementor-button-icon\">\n\t\t\t\t<svg aria-hidden=\"true\" class=\"e-font-icon-svg e-fas-angle-right\" viewbox=\"0 0 256 512\" xmlns=\"http:\/\/www.w3.org\/2000\/svg\"><path d=\"M224.3 273l-136 136c-9.4 9.4-24.6 9.4-33.9 0l-22.6-22.6c-9.4-9.4-9.4-24.6 0-33.9l96.4-96.4-96.4-96.4c-9.4-9.4-9.4-24.6 0-33.9L54.3 103c9.4-9.4 24.6-9.4 33.9 0l136 136c9.5 9.4 9.5 24.6.1 34z\"><\/path><\/svg>\t\t\t<\/span>\n\t\t\t\t\t\t\t\t\t<span class=\"elementor-button-text\">Start<\/span>\n\t\t\t\t\t<\/span>\n\t\t\t\t\t<\/a>\n\t\t\t\t<\/div>\n\t\t\t\t\t\t\t\t<\/div>\n\t\t\t\t<\/div>\n\t\t\t\t<div class=\"elementor-element elementor-element-a67a0c5 elementor-widget__width-auto e-transform elementor-mobile-align-center elementor-widget-mobile__width-inherit elementor-align-center elementor-widget elementor-widget-button\" data-id=\"a67a0c5\" data-element_type=\"widget\" id=\"commencer\" data-settings=\"{&quot;_transform_translateY_effect_hover&quot;:{&quot;unit&quot;:&quot;px&quot;,&quot;size&quot;:-4,&quot;sizes&quot;:[]},&quot;_transform_translateX_effect_hover&quot;:{&quot;unit&quot;:&quot;px&quot;,&quot;size&quot;:&quot;&quot;,&quot;sizes&quot;:[]},&quot;_transform_translateX_effect_hover_tablet&quot;:{&quot;unit&quot;:&quot;px&quot;,&quot;size&quot;:&quot;&quot;,&quot;sizes&quot;:[]},&quot;_transform_translateX_effect_hover_mobile&quot;:{&quot;unit&quot;:&quot;px&quot;,&quot;size&quot;:&quot;&quot;,&quot;sizes&quot;:[]},&quot;_transform_translateY_effect_hover_tablet&quot;:{&quot;unit&quot;:&quot;px&quot;,&quot;size&quot;:&quot;&quot;,&quot;sizes&quot;:[]},&quot;_transform_translateY_effect_hover_mobile&quot;:{&quot;unit&quot;:&quot;px&quot;,&quot;size&quot;:&quot;&quot;,&quot;sizes&quot;:[]}}\" data-widget_type=\"button.default\">\n\t\t\t\t<div class=\"elementor-widget-container\">\n\t\t\t\t\t\t\t\t\t<div class=\"elementor-button-wrapper\">\n\t\t\t\t\t<a class=\"elementor-button elementor-size-sm\" role=\"button\">\n\t\t\t\t\t\t<span class=\"elementor-button-content-wrapper\">\n\t\t\t\t\t\t<span class=\"elementor-button-icon\">\n\t\t\t\t<svg aria-hidden=\"true\" class=\"e-font-icon-svg e-fas-chevron-right\" viewbox=\"0 0 320 512\" xmlns=\"http:\/\/www.w3.org\/2000\/svg\"><path d=\"M285.476 272.971L91.132 467.314c-9.373 9.373-24.569 9.373-33.941 0l-22.667-22.667c-9.357-9.357-9.375-24.522-.04-33.901L188.505 256 34.484 101.255c-9.335-9.379-9.317-24.544.04-33.901l22.667-22.667c9.373-9.373 24.569-9.373 33.941 0L285.475 239.03c9.373 9.372 9.373 24.568.001 33.941z\"><\/path><\/svg>\t\t\t<\/span>\n\t\t\t\t\t\t\t\t\t<span class=\"elementor-button-text\">Discover our solutions<\/span>\n\t\t\t\t\t<\/span>\n\t\t\t\t\t<\/a>\n\t\t\t\t<\/div>\n\t\t\t\t\t\t\t\t<\/div>\n\t\t\t\t<\/div>\n\t\t\t\t\t<\/div>\n\t\t<\/div>\n\t\t\t\t\t<\/div>\n\t\t<\/section>\n\t\t\t\t<\/div>","protected":false},"excerpt":{"rendered":"<p>Mentionsl\u00e9gales Conform\u00e9ment aux dispositions de la loi n\u00b0 2004-575 du 21 juin 2004 pour la confiance en l&rsquo;\u00e9conomie num\u00e9rique, il est pr\u00e9cis\u00e9 aux utilisateurs du site E-Dentic SAS l&rsquo;identit\u00e9 des diff\u00e9rents intervenants dans le cadre de sa r\u00e9alisation et de son suivi. Edition du site\u00a0 Le pr\u00e9sent site, accessible \u00e0 l\u2019URL www.e-dentic.fr (le \u00ab Site [&hellip;]<\/p>\n","protected":false},"author":1,"featured_media":6078,"parent":0,"menu_order":0,"comment_status":"closed","ping_status":"closed","template":"","meta":{"inline_featured_image":false,"footnotes":""},"class_list":["post-7484","page","type-page","status-publish","has-post-thumbnail","hentry"],"yoast_head":"<!-- This site is optimized with the Yoast SEO Premium plugin v22.6 (Yoast SEO v25.2) - https:\/\/yoast.com\/wordpress\/plugins\/seo\/ -->\n<title>Mentions l\u00e9gales - E-DENTIC<\/title>\n<meta name=\"description\" content=\"En savoir plus sur E-DENTIC \u00e0 propos des activit\u00e9s, des valeurs, du groupe, et des \u00e9tapes importantes dans l&#039;histoire de la soci\u00e9t\u00e9.\" \/>\n<meta name=\"robots\" content=\"noindex, nofollow\" \/>\n<meta property=\"og:locale\" content=\"en_GB\" \/>\n<meta property=\"og:type\" content=\"article\" \/>\n<meta property=\"og:title\" content=\"Mentions l\u00e9gales\" \/>\n<meta property=\"og:description\" content=\"En savoir plus sur E-DENTIC \u00e0 propos des activit\u00e9s, des valeurs, du groupe, et des \u00e9tapes importantes dans l&#039;histoire de la soci\u00e9t\u00e9.\" \/>\n<meta property=\"og:url\" content=\"https:\/\/e-dentic.fr\/en\/full-marks\/\" \/>\n<meta property=\"og:site_name\" content=\"E-DENTIC\" \/>\n<meta property=\"article:modified_time\" content=\"2025-09-11T07:36:44+00:00\" \/>\n<meta property=\"og:image\" content=\"https:\/\/e-dentic.fr\/wp-content\/uploads\/2024\/06\/chargement-par-loperateur-scaled.jpg\" \/>\n\t<meta property=\"og:image:width\" content=\"2560\" \/>\n\t<meta property=\"og:image:height\" content=\"1559\" \/>\n\t<meta property=\"og:image:type\" content=\"image\/jpeg\" \/>\n<meta name=\"twitter:card\" content=\"summary_large_image\" \/>\n<meta name=\"twitter:label1\" content=\"Estimated reading time\" \/>\n\t<meta name=\"twitter:data1\" content=\"2 minutes\" \/>\n<script type=\"application\/ld+json\" class=\"yoast-schema-graph\">{\"@context\":\"https:\/\/schema.org\",\"@graph\":[{\"@type\":\"WebPage\",\"@id\":\"https:\/\/e-dentic.fr\/mentions-legales\/\",\"url\":\"https:\/\/e-dentic.fr\/mentions-legales\/\",\"name\":\"Mentions l\u00e9gales - E-DENTIC\",\"isPartOf\":{\"@id\":\"https:\/\/e-dentic.fr\/#website\"},\"primaryImageOfPage\":{\"@id\":\"https:\/\/e-dentic.fr\/mentions-legales\/#primaryimage\"},\"image\":{\"@id\":\"https:\/\/e-dentic.fr\/mentions-legales\/#primaryimage\"},\"thumbnailUrl\":\"https:\/\/e-dentic.fr\/wp-content\/uploads\/2024\/06\/chargement-par-loperateur-scaled.jpg\",\"datePublished\":\"2024-10-08T14:53:53+00:00\",\"dateModified\":\"2025-09-11T07:36:44+00:00\",\"description\":\"En savoir plus sur E-DENTIC \u00e0 propos des activit\u00e9s, des valeurs, du groupe, et des \u00e9tapes importantes dans l'histoire de la soci\u00e9t\u00e9.\",\"breadcrumb\":{\"@id\":\"https:\/\/e-dentic.fr\/mentions-legales\/#breadcrumb\"},\"inLanguage\":\"en-GB\",\"potentialAction\":[{\"@type\":\"ReadAction\",\"target\":[\"https:\/\/e-dentic.fr\/mentions-legales\/\"]}]},{\"@type\":\"ImageObject\",\"inLanguage\":\"en-GB\",\"@id\":\"https:\/\/e-dentic.fr\/mentions-legales\/#primaryimage\",\"url\":\"https:\/\/e-dentic.fr\/wp-content\/uploads\/2024\/06\/chargement-par-loperateur-scaled.jpg\",\"contentUrl\":\"https:\/\/e-dentic.fr\/wp-content\/uploads\/2024\/06\/chargement-par-loperateur-scaled.jpg\",\"width\":2560,\"height\":1559,\"caption\":\"Forklift operator during work in large warehouse\"},{\"@type\":\"BreadcrumbList\",\"@id\":\"https:\/\/e-dentic.fr\/mentions-legales\/#breadcrumb\",\"itemListElement\":[{\"@type\":\"ListItem\",\"position\":1,\"name\":\"Accueil\",\"item\":\"https:\/\/e-dentic.fr\/fr_fr\/\"},{\"@type\":\"ListItem\",\"position\":2,\"name\":\"Mentions l\u00e9gales\"}]},{\"@type\":\"WebSite\",\"@id\":\"https:\/\/e-dentic.fr\/#website\",\"url\":\"https:\/\/e-dentic.fr\/\",\"name\":\"E-DENTIC\",\"description\":\"Int\u00e9grateur de solutions logistiques innovantes\",\"publisher\":{\"@id\":\"https:\/\/e-dentic.fr\/#organization\"},\"alternateName\":\"Int\u00e9grateur de solutions logistiques innovantes\",\"potentialAction\":[{\"@type\":\"SearchAction\",\"target\":{\"@type\":\"EntryPoint\",\"urlTemplate\":\"https:\/\/e-dentic.fr\/?s={search_term_string}\"},\"query-input\":{\"@type\":\"PropertyValueSpecification\",\"valueRequired\":true,\"valueName\":\"search_term_string\"}}],\"inLanguage\":\"en-GB\"},{\"@type\":\"Organization\",\"@id\":\"https:\/\/e-dentic.fr\/#organization\",\"name\":\"E-DENTIC\",\"url\":\"https:\/\/e-dentic.fr\/\",\"logo\":{\"@type\":\"ImageObject\",\"inLanguage\":\"en-GB\",\"@id\":\"https:\/\/e-dentic.fr\/#\/schema\/logo\/image\/\",\"url\":\"https:\/\/e-dentic.fr\/wp-content\/uploads\/2024\/04\/E-DENTIC-logo-bleu.png\",\"contentUrl\":\"https:\/\/e-dentic.fr\/wp-content\/uploads\/2024\/04\/E-DENTIC-logo-bleu.png\",\"width\":1460,\"height\":546,\"caption\":\"E-DENTIC\"},\"image\":{\"@id\":\"https:\/\/e-dentic.fr\/#\/schema\/logo\/image\/\"},\"sameAs\":[\"https:\/\/www.linkedin.com\/company\/e-dentic\/\",\"https:\/\/www.youtube.com\/channel\/UCXOgh0CpgACK_KVKikApR9g\"]}]}<\/script>\n<!-- \/ Yoast SEO Premium plugin. -->","yoast_head_json":{"title":"Legal information - E-DENTIC","description":"Find out more about E-DENTIC's activities, values, the group and the milestones in the company's history.","robots":{"index":"noindex","follow":"nofollow"},"og_locale":"en_GB","og_type":"article","og_title":"Mentions l\u00e9gales","og_description":"En savoir plus sur E-DENTIC \u00e0 propos des activit\u00e9s, des valeurs, du groupe, et des \u00e9tapes importantes dans l'histoire de la soci\u00e9t\u00e9.","og_url":"https:\/\/e-dentic.fr\/en\/full-marks\/","og_site_name":"E-DENTIC","article_modified_time":"2025-09-11T07:36:44+00:00","og_image":[{"width":2560,"height":1559,"url":"https:\/\/e-dentic.fr\/wp-content\/uploads\/2024\/06\/chargement-par-loperateur-scaled.jpg","type":"image\/jpeg"}],"twitter_card":"summary_large_image","twitter_misc":{"Estimated reading time":"2 minutes"},"schema":{"@context":"https:\/\/schema.org","@graph":[{"@type":"WebPage","@id":"https:\/\/e-dentic.fr\/mentions-legales\/","url":"https:\/\/e-dentic.fr\/mentions-legales\/","name":"Legal information - E-DENTIC","isPartOf":{"@id":"https:\/\/e-dentic.fr\/#website"},"primaryImageOfPage":{"@id":"https:\/\/e-dentic.fr\/mentions-legales\/#primaryimage"},"image":{"@id":"https:\/\/e-dentic.fr\/mentions-legales\/#primaryimage"},"thumbnailUrl":"https:\/\/e-dentic.fr\/wp-content\/uploads\/2024\/06\/chargement-par-loperateur-scaled.jpg","datePublished":"2024-10-08T14:53:53+00:00","dateModified":"2025-09-11T07:36:44+00:00","description":"Find out more about E-DENTIC's activities, values, the group and the milestones in the company's history.","breadcrumb":{"@id":"https:\/\/e-dentic.fr\/mentions-legales\/#breadcrumb"},"inLanguage":"en-GB","potentialAction":[{"@type":"ReadAction","target":["https:\/\/e-dentic.fr\/mentions-legales\/"]}]},{"@type":"ImageObject","inLanguage":"en-GB","@id":"https:\/\/e-dentic.fr\/mentions-legales\/#primaryimage","url":"https:\/\/e-dentic.fr\/wp-content\/uploads\/2024\/06\/chargement-par-loperateur-scaled.jpg","contentUrl":"https:\/\/e-dentic.fr\/wp-content\/uploads\/2024\/06\/chargement-par-loperateur-scaled.jpg","width":2560,"height":1559,"caption":"Forklift operator during work in large warehouse"},{"@type":"BreadcrumbList","@id":"https:\/\/e-dentic.fr\/mentions-legales\/#breadcrumb","itemListElement":[{"@type":"ListItem","position":1,"name":"Accueil","item":"https:\/\/e-dentic.fr\/fr_fr\/"},{"@type":"ListItem","position":2,"name":"Mentions l\u00e9gales"}]},{"@type":"WebSite","@id":"https:\/\/e-dentic.fr\/#website","url":"https:\/\/e-dentic.fr\/","name":"E-DENTIC","description":"Integrator of innovative logistics solutions","publisher":{"@id":"https:\/\/e-dentic.fr\/#organization"},"alternateName":"Int\u00e9grateur de solutions logistiques innovantes","potentialAction":[{"@type":"SearchAction","target":{"@type":"EntryPoint","urlTemplate":"https:\/\/e-dentic.fr\/?s={search_term_string}"},"query-input":{"@type":"PropertyValueSpecification","valueRequired":true,"valueName":"search_term_string"}}],"inLanguage":"en-GB"},{"@type":"Organization","@id":"https:\/\/e-dentic.fr\/#organization","name":"E-DENTIC","url":"https:\/\/e-dentic.fr\/","logo":{"@type":"ImageObject","inLanguage":"en-GB","@id":"https:\/\/e-dentic.fr\/#\/schema\/logo\/image\/","url":"https:\/\/e-dentic.fr\/wp-content\/uploads\/2024\/04\/E-DENTIC-logo-bleu.png","contentUrl":"https:\/\/e-dentic.fr\/wp-content\/uploads\/2024\/04\/E-DENTIC-logo-bleu.png","width":1460,"height":546,"caption":"E-DENTIC"},"image":{"@id":"https:\/\/e-dentic.fr\/#\/schema\/logo\/image\/"},"sameAs":["https:\/\/www.linkedin.com\/company\/e-dentic\/","https:\/\/www.youtube.com\/channel\/UCXOgh0CpgACK_KVKikApR9g"]}]}},"_links":{"self":[{"href":"https:\/\/e-dentic.fr\/en\/wp-json\/wp\/v2\/pages\/7484","targetHints":{"allow":["GET"]}}],"collection":[{"href":"https:\/\/e-dentic.fr\/en\/wp-json\/wp\/v2\/pages"}],"about":[{"href":"https:\/\/e-dentic.fr\/en\/wp-json\/wp\/v2\/types\/page"}],"author":[{"embeddable":true,"href":"https:\/\/e-dentic.fr\/en\/wp-json\/wp\/v2\/users\/1"}],"replies":[{"embeddable":true,"href":"https:\/\/e-dentic.fr\/en\/wp-json\/wp\/v2\/comments?post=7484"}],"version-history":[{"count":6,"href":"https:\/\/e-dentic.fr\/en\/wp-json\/wp\/v2\/pages\/7484\/revisions"}],"predecessor-version":[{"id":12224,"href":"https:\/\/e-dentic.fr\/en\/wp-json\/wp\/v2\/pages\/7484\/revisions\/12224"}],"wp:featuredmedia":[{"embeddable":true,"href":"https:\/\/e-dentic.fr\/en\/wp-json\/wp\/v2\/media\/6078"}],"wp:attachment":[{"href":"https:\/\/e-dentic.fr\/en\/wp-json\/wp\/v2\/media?parent=7484"}],"curies":[{"name":"wp","href":"https:\/\/api.w.org\/{rel}","templated":true}]}}