{"id":7472,"date":"2024-10-08T13:48:50","date_gmt":"2024-10-08T13:48:50","guid":{"rendered":"https:\/\/e-dentic.fr\/?page_id=7472"},"modified":"2025-09-11T09:38:13","modified_gmt":"2025-09-11T07:38:13","slug":"politique-de-confidentialite","status":"publish","type":"page","link":"https:\/\/e-dentic.fr\/en\/privacy-policy\/","title":{"rendered":"Privacy policy"},"content":{"rendered":"<div data-elementor-type=\"wp-page\" data-elementor-id=\"7472\" class=\"elementor elementor-7472\">\n\t\t\t\t\t\t<section data-particle_enable=\"false\" data-particle-mobile-disabled=\"false\" class=\"elementor-section elementor-top-section elementor-element elementor-element-62be07ec elementor-section-content-middle elementor-section-boxed elementor-section-height-default elementor-section-height-default\" data-id=\"62be07ec\" data-element_type=\"section\" data-settings=\"{&quot;background_background&quot;:&quot;classic&quot;}\">\n\t\t\t\t\t\t\t<div class=\"elementor-background-overlay\"><\/div>\n\t\t\t\t\t\t\t<div class=\"elementor-container elementor-column-gap-no\">\n\t\t\t\t\t<div class=\"elementor-column elementor-col-100 elementor-top-column elementor-element elementor-element-529fd759\" data-id=\"529fd759\" data-element_type=\"column\">\n\t\t\t<div class=\"elementor-widget-wrap elementor-element-populated\">\n\t\t\t\t\t\t<div class=\"elementor-element elementor-element-1a06cc4f elementor-widget elementor-widget-heading\" data-id=\"1a06cc4f\" data-element_type=\"widget\" data-widget_type=\"heading.default\">\n\t\t\t\t<div class=\"elementor-widget-container\">\n\t\t\t\t\t<h1 class=\"elementor-heading-title elementor-size-default\">Privacy policy<\/h1>\t\t\t\t<\/div>\n\t\t\t\t<\/div>\n\t\t\t\t\t<\/div>\n\t\t<\/div>\n\t\t\t\t\t<\/div>\n\t\t<\/section>\n\t\t\t\t<section data-particle_enable=\"false\" data-particle-mobile-disabled=\"false\" class=\"elementor-section elementor-top-section elementor-element elementor-element-1a9c02d4 animated-slow elementor-section-boxed elementor-section-height-default elementor-section-height-default elementor-invisible\" data-id=\"1a9c02d4\" data-element_type=\"section\" data-settings=\"{&quot;animation&quot;:&quot;fadeInUp&quot;}\">\n\t\t\t\t\t\t<div class=\"elementor-container elementor-column-gap-no\">\n\t\t\t\t\t<div class=\"elementor-column elementor-col-100 elementor-top-column elementor-element elementor-element-6395ac67\" data-id=\"6395ac67\" data-element_type=\"column\">\n\t\t\t<div class=\"elementor-widget-wrap elementor-element-populated\">\n\t\t\t\t\t\t<div class=\"elementor-element elementor-element-c0cf252 elementor-widget elementor-widget-text-editor\" data-id=\"c0cf252\" data-element_type=\"widget\" data-widget_type=\"text-editor.default\">\n\t\t\t\t<div class=\"elementor-widget-container\">\n\t\t\t\t\t\t\t\t\t<p>Thank you for being part of our community at E-Dentic. We are committed to protecting your privacy. This privacy policy explains how we collect, use and share your personal data when you use our services, including our website www.e-dentic.fr (the \"Service\").<\/p><p>If you have any questions or concerns about our policy, please contact us at commercial@e-dentic.fr.<\/p><h2>\u00a0<\/h2><h2>Information collected<\/h2><h3>Personal data collected<\/h3><p>When you use our Service, we may ask you to provide certain personally identifiable information that may be used to contact or identify you. This data includes, but is not limited to:<\/p><ul><li>\u00a0Full name<\/li><li>E-mail address<\/li><li>Telephone number<\/li><li>Usage data (such as pages visited, length of visit, etc.)<\/li><\/ul><p>We also collect information about our users' browsing behaviour through cookies and other tracking technologies, which include :<\/p><ul><li>\u00a0The IP address of the device<\/li><li>The type of browser used<\/li><li>The device's operating system and unique identifiers<\/li><\/ul><p>This data is mainly used to improve the user experience and personalise the offers and services provided.<\/p><h2>\u00a0<\/h2><h2><strong>Use of the information collected<\/strong><\/h2><h3>Purpose of the data<\/h3><p>The information we collect is used for the following purposes:<\/p><ul><li>Providing and maintaining our services: Data is required to access and use the Service and to respond to your requests.<\/li><li>Personalising the user experience: We use your data to adapt our content, communications, offers and recommendations according to your preferences and browsing history.<\/li><li>Communication with users: We use your information to send you updates, commercial offers and information relating to the use of the Service.<\/li><li>Security and fraud prevention: The data collected is used to guarantee the security of users and the Service by preventing any security breaches.<\/li><\/ul><h2>\u00a0<\/h2><h2>Sharing data with third parties<\/h2><p>We may share your personal information in the following situations:<\/p><ul><li>\u00a0With service providers: To monitor use of the Service or to contact you.<\/li><li>Business transfers: As part of a merger, sale of assets or other type of business transfer, your personal information may be transferred.<\/li><li>With your consent: In other situations, your information will only be shared if you have given your explicit consent.<\/li><\/ul><h2>\u00a0<\/h2><h2>Data retention<\/h2><p>Your personal data will only be kept for as long as is necessary for the purposes described in this policy, unless you are legally obliged to keep it for longer. Usage data collected for analytical purposes may be kept longer if this helps to improve the security or functionality of the Service.<\/p><h2>\u00a0<\/h2><h2>Data security<\/h2><p>We use technical and organisational security measures to protect your personal information against unauthorised access, modification or disclosure. However, please note that no method of transmission over the Internet or method of electronic storage is completely secure. We strive to protect your information, but cannot guarantee its absolute security.<\/p><h2>\u00a0<\/h2><h2>User rights<\/h2><p>In accordance with the RGPD, you have the following rights concerning your information:<\/p><ul><li>Access: You can ask to see the data we hold on you.<\/li><li>Rectification: You have the right to correct any inaccurate or incomplete information.<\/li><li>Deletion: You may request the deletion of your personal data.<\/li><li>Objection: You may object to the use of your data for direct marketing purposes.<\/li><\/ul><p>To exercise your rights, please contact us at the following address: commercial@e-dentic.fr.<\/p><h2>\u00a0<\/h2><h2>Cookies and tracking technologies<\/h2><p>We use cookies to improve your experience on our site. Cookies enable us to track your browsing and store certain information, such as your language preferences or the pages you have visited.<\/p><p>Types of cookies used :<\/p><ul><li>Essential cookies: Necessary for the operation of the Service.<\/li><li>Performance cookies: used to analyse the use of the Service and improve its performance.<\/li><li>Personalisation cookies: store your preferences and personalise your user experience.<\/li><\/ul><p>You can configure your browser to refuse the use of cookies, but this may affect certain functionalities of the Service.<\/p><h2>\u00a0<\/h2><h2>International data transfer<\/h2><p>Personal information collected may be transferred and processed in countries outside the European Union. In this case, we take all necessary measures to ensure that your data is protected in accordance with this privacy policy.<\/p><h2>\u00a0<\/h2><h2>Changes to this policy<\/h2><p>We may update this privacy policy from time to time to reflect changes in our data processing practices. We will notify you by e-mail or by means of a notice on our site in the event of significant changes.<\/p><p>If you have any questions about this privacy policy, please contact us at commercial@e-dentic.fr.<\/p><p style=\"text-align: left;\"><strong>Last updated: 8 October 2024<\/strong><\/p>\t\t\t\t\t\t\t\t<\/div>\n\t\t\t\t<\/div>\n\t\t\t\t\t<\/div>\n\t\t<\/div>\n\t\t\t\t\t<\/div>\n\t\t<\/section>\n\t\t\t\t<section data-particle_enable=\"false\" data-particle-mobile-disabled=\"false\" class=\"elementor-section elementor-top-section elementor-element elementor-element-e8fc9cc elementor-section-content-middle elementor-section-boxed elementor-section-height-default elementor-section-height-default\" data-id=\"e8fc9cc\" data-element_type=\"section\" data-settings=\"{&quot;background_background&quot;:&quot;classic&quot;}\">\n\t\t\t\t\t\t\t<div class=\"elementor-background-overlay\"><\/div>\n\t\t\t\t\t\t\t<div class=\"elementor-container elementor-column-gap-no\">\n\t\t\t\t\t<div class=\"elementor-column elementor-col-50 elementor-top-column elementor-element elementor-element-b2d017b\" data-id=\"b2d017b\" data-element_type=\"column\">\n\t\t\t<div class=\"elementor-widget-wrap elementor-element-populated\">\n\t\t\t\t\t\t<div class=\"elementor-element elementor-element-bd67abc elementor-headline--style-highlight elementor-widget elementor-widget-animated-headline\" data-id=\"bd67abc\" data-element_type=\"widget\" data-settings=\"{&quot;highlighted_text&quot;:&quot;Int\\u00e9grez la technologie&quot;,&quot;highlight_animation_duration&quot;:0,&quot;headline_style&quot;:&quot;highlight&quot;,&quot;marker&quot;:&quot;circle&quot;}\" data-widget_type=\"animated-headline.default\">\n\t\t\t\t<div class=\"elementor-widget-container\">\n\t\t\t\t\t\t\t<h2 class=\"elementor-headline\">\n\t\t\t\t<span class=\"elementor-headline-dynamic-wrapper elementor-headline-text-wrapper\">\n\t\t\t\t\t<span class=\"elementor-headline-dynamic-text elementor-headline-text-active\">Integrate technology<\/span>\n\t\t\t\t<\/span>\n\t\t\t\t\t<span class=\"elementor-headline-plain-text elementor-headline-text-wrapper\">to optimise your warehouse<\/span>\n\t\t\t\t\t<\/h2>\n\t\t\t\t\t\t<\/div>\n\t\t\t\t<\/div>\n\t\t\t\t<div class=\"elementor-element elementor-element-68c7e8c elementor-widget elementor-widget-heading\" data-id=\"68c7e8c\" data-element_type=\"widget\" data-widget_type=\"heading.default\">\n\t\t\t\t<div class=\"elementor-widget-container\">\n\t\t\t\t\t<div class=\"elementor-heading-title elementor-size-default\">Improving operational efficiency, service quality and work ergonomics: ask us for our expertise<\/div>\t\t\t\t<\/div>\n\t\t\t\t<\/div>\n\t\t\t\t\t<\/div>\n\t\t<\/div>\n\t\t\t\t<div class=\"elementor-column elementor-col-50 elementor-top-column elementor-element elementor-element-9172b88\" data-id=\"9172b88\" data-element_type=\"column\">\n\t\t\t<div class=\"elementor-widget-wrap elementor-element-populated\">\n\t\t\t\t\t\t<div class=\"elementor-element elementor-element-1e9317c elementor-align-center elementor-widget__width-auto elementor-mobile-align-justify elementor-widget-mobile__width-inherit animated-slow elementor-widget elementor-widget-button\" data-id=\"1e9317c\" data-element_type=\"widget\" id=\"d\u00e9ployer\" data-settings=\"{&quot;_animation&quot;:&quot;none&quot;}\" data-widget_type=\"button.default\">\n\t\t\t\t<div class=\"elementor-widget-container\">\n\t\t\t\t\t\t\t\t\t<div class=\"elementor-button-wrapper\">\n\t\t\t\t\t<a class=\"elementor-button elementor-size-md\" role=\"button\">\n\t\t\t\t\t\t<span class=\"elementor-button-content-wrapper\">\n\t\t\t\t\t\t<span class=\"elementor-button-icon\">\n\t\t\t\t<svg aria-hidden=\"true\" class=\"e-font-icon-svg e-fas-angle-right\" viewbox=\"0 0 256 512\" xmlns=\"http:\/\/www.w3.org\/2000\/svg\"><path d=\"M224.3 273l-136 136c-9.4 9.4-24.6 9.4-33.9 0l-22.6-22.6c-9.4-9.4-9.4-24.6 0-33.9l96.4-96.4-96.4-96.4c-9.4-9.4-9.4-24.6 0-33.9L54.3 103c9.4-9.4 24.6-9.4 33.9 0l136 136c9.5 9.4 9.5 24.6.1 34z\"><\/path><\/svg>\t\t\t<\/span>\n\t\t\t\t\t\t\t\t\t<span class=\"elementor-button-text\">Start<\/span>\n\t\t\t\t\t<\/span>\n\t\t\t\t\t<\/a>\n\t\t\t\t<\/div>\n\t\t\t\t\t\t\t\t<\/div>\n\t\t\t\t<\/div>\n\t\t\t\t<div class=\"elementor-element elementor-element-a67a0c5 elementor-widget__width-auto e-transform elementor-mobile-align-center elementor-widget-mobile__width-inherit elementor-align-center elementor-widget elementor-widget-button\" data-id=\"a67a0c5\" data-element_type=\"widget\" id=\"commencer\" data-settings=\"{&quot;_transform_translateY_effect_hover&quot;:{&quot;unit&quot;:&quot;px&quot;,&quot;size&quot;:-4,&quot;sizes&quot;:[]},&quot;_transform_translateX_effect_hover&quot;:{&quot;unit&quot;:&quot;px&quot;,&quot;size&quot;:&quot;&quot;,&quot;sizes&quot;:[]},&quot;_transform_translateX_effect_hover_tablet&quot;:{&quot;unit&quot;:&quot;px&quot;,&quot;size&quot;:&quot;&quot;,&quot;sizes&quot;:[]},&quot;_transform_translateX_effect_hover_mobile&quot;:{&quot;unit&quot;:&quot;px&quot;,&quot;size&quot;:&quot;&quot;,&quot;sizes&quot;:[]},&quot;_transform_translateY_effect_hover_tablet&quot;:{&quot;unit&quot;:&quot;px&quot;,&quot;size&quot;:&quot;&quot;,&quot;sizes&quot;:[]},&quot;_transform_translateY_effect_hover_mobile&quot;:{&quot;unit&quot;:&quot;px&quot;,&quot;size&quot;:&quot;&quot;,&quot;sizes&quot;:[]}}\" data-widget_type=\"button.default\">\n\t\t\t\t<div class=\"elementor-widget-container\">\n\t\t\t\t\t\t\t\t\t<div class=\"elementor-button-wrapper\">\n\t\t\t\t\t<a class=\"elementor-button elementor-size-sm\" role=\"button\">\n\t\t\t\t\t\t<span class=\"elementor-button-content-wrapper\">\n\t\t\t\t\t\t<span class=\"elementor-button-icon\">\n\t\t\t\t<svg aria-hidden=\"true\" class=\"e-font-icon-svg e-fas-chevron-right\" viewbox=\"0 0 320 512\" xmlns=\"http:\/\/www.w3.org\/2000\/svg\"><path d=\"M285.476 272.971L91.132 467.314c-9.373 9.373-24.569 9.373-33.941 0l-22.667-22.667c-9.357-9.357-9.375-24.522-.04-33.901L188.505 256 34.484 101.255c-9.335-9.379-9.317-24.544.04-33.901l22.667-22.667c9.373-9.373 24.569-9.373 33.941 0L285.475 239.03c9.373 9.372 9.373 24.568.001 33.941z\"><\/path><\/svg>\t\t\t<\/span>\n\t\t\t\t\t\t\t\t\t<span class=\"elementor-button-text\">Discover our solutions<\/span>\n\t\t\t\t\t<\/span>\n\t\t\t\t\t<\/a>\n\t\t\t\t<\/div>\n\t\t\t\t\t\t\t\t<\/div>\n\t\t\t\t<\/div>\n\t\t\t\t\t<\/div>\n\t\t<\/div>\n\t\t\t\t\t<\/div>\n\t\t<\/section>\n\t\t\t\t<\/div>","protected":false},"excerpt":{"rendered":"<p>Politique de confidentialit\u00e9 Nous vous remercions de faire partie de notre communaut\u00e9 chez E-Dentic. Nous sommes engag\u00e9s \u00e0 prot\u00e9ger vos donn\u00e9es personnelles et votre droit \u00e0 la confidentialit\u00e9. Cette politique de confidentialit\u00e9 explique comment nous collectons, utilisons et partageons vos donn\u00e9es personnelles lorsque vous utilisez nos services, incluant notre site web www.e-dentic.fr (le \u00ab Service [&hellip;]<\/p>\n","protected":false},"author":1,"featured_media":6078,"parent":0,"menu_order":0,"comment_status":"closed","ping_status":"closed","template":"","meta":{"inline_featured_image":false,"footnotes":""},"class_list":["post-7472","page","type-page","status-publish","has-post-thumbnail","hentry"],"yoast_head":"<!-- This site is optimized with the Yoast SEO Premium plugin v22.6 (Yoast SEO v25.2) - https:\/\/yoast.com\/wordpress\/plugins\/seo\/ -->\n<title>Politique de confidentialit\u00e9 - E-DENTIC<\/title>\n<meta name=\"description\" content=\"En savoir plus sur E-DENTIC \u00e0 propos des activit\u00e9s, des valeurs, du groupe, et des \u00e9tapes importantes dans l&#039;histoire de la soci\u00e9t\u00e9.\" \/>\n<meta name=\"robots\" content=\"noindex, nofollow\" \/>\n<meta property=\"og:locale\" content=\"en_GB\" \/>\n<meta property=\"og:type\" content=\"article\" \/>\n<meta property=\"og:title\" content=\"Politique de confidentialit\u00e9\" \/>\n<meta property=\"og:description\" content=\"En savoir plus sur E-DENTIC \u00e0 propos des activit\u00e9s, des valeurs, du groupe, et des \u00e9tapes importantes dans l&#039;histoire de la soci\u00e9t\u00e9.\" \/>\n<meta property=\"og:url\" content=\"https:\/\/e-dentic.fr\/en\/privacy-policy\/\" \/>\n<meta property=\"og:site_name\" content=\"E-DENTIC\" \/>\n<meta property=\"article:modified_time\" content=\"2025-09-11T07:38:13+00:00\" \/>\n<meta property=\"og:image\" content=\"https:\/\/e-dentic.fr\/wp-content\/uploads\/2024\/06\/chargement-par-loperateur-scaled.jpg\" \/>\n\t<meta property=\"og:image:width\" content=\"2560\" \/>\n\t<meta property=\"og:image:height\" content=\"1559\" \/>\n\t<meta property=\"og:image:type\" content=\"image\/jpeg\" \/>\n<meta name=\"twitter:card\" content=\"summary_large_image\" \/>\n<meta name=\"twitter:label1\" content=\"Estimated reading time\" \/>\n\t<meta name=\"twitter:data1\" content=\"5 minutes\" \/>\n<script type=\"application\/ld+json\" class=\"yoast-schema-graph\">{\"@context\":\"https:\/\/schema.org\",\"@graph\":[{\"@type\":\"WebPage\",\"@id\":\"https:\/\/e-dentic.fr\/fr_fr\/politique-de-confidentialite\/\",\"url\":\"https:\/\/e-dentic.fr\/fr_fr\/politique-de-confidentialite\/\",\"name\":\"Politique de confidentialit\u00e9 - E-DENTIC\",\"isPartOf\":{\"@id\":\"https:\/\/e-dentic.fr\/#website\"},\"primaryImageOfPage\":{\"@id\":\"https:\/\/e-dentic.fr\/fr_fr\/politique-de-confidentialite\/#primaryimage\"},\"image\":{\"@id\":\"https:\/\/e-dentic.fr\/fr_fr\/politique-de-confidentialite\/#primaryimage\"},\"thumbnailUrl\":\"https:\/\/e-dentic.fr\/wp-content\/uploads\/2024\/06\/chargement-par-loperateur-scaled.jpg\",\"datePublished\":\"2024-10-08T13:48:50+00:00\",\"dateModified\":\"2025-09-11T07:38:13+00:00\",\"description\":\"En savoir plus sur E-DENTIC \u00e0 propos des activit\u00e9s, des valeurs, du groupe, et des \u00e9tapes importantes dans l'histoire de la soci\u00e9t\u00e9.\",\"breadcrumb\":{\"@id\":\"https:\/\/e-dentic.fr\/fr_fr\/politique-de-confidentialite\/#breadcrumb\"},\"inLanguage\":\"en-GB\",\"potentialAction\":[{\"@type\":\"ReadAction\",\"target\":[\"https:\/\/e-dentic.fr\/fr_fr\/politique-de-confidentialite\/\"]}]},{\"@type\":\"ImageObject\",\"inLanguage\":\"en-GB\",\"@id\":\"https:\/\/e-dentic.fr\/fr_fr\/politique-de-confidentialite\/#primaryimage\",\"url\":\"https:\/\/e-dentic.fr\/wp-content\/uploads\/2024\/06\/chargement-par-loperateur-scaled.jpg\",\"contentUrl\":\"https:\/\/e-dentic.fr\/wp-content\/uploads\/2024\/06\/chargement-par-loperateur-scaled.jpg\",\"width\":2560,\"height\":1559,\"caption\":\"Forklift operator during work in large warehouse\"},{\"@type\":\"BreadcrumbList\",\"@id\":\"https:\/\/e-dentic.fr\/fr_fr\/politique-de-confidentialite\/#breadcrumb\",\"itemListElement\":[{\"@type\":\"ListItem\",\"position\":1,\"name\":\"Accueil\",\"item\":\"https:\/\/e-dentic.fr\/fr_fr\/\"},{\"@type\":\"ListItem\",\"position\":2,\"name\":\"Politique de confidentialit\u00e9\"}]},{\"@type\":\"WebSite\",\"@id\":\"https:\/\/e-dentic.fr\/#website\",\"url\":\"https:\/\/e-dentic.fr\/\",\"name\":\"E-DENTIC\",\"description\":\"Int\u00e9grateur de solutions logistiques innovantes\",\"publisher\":{\"@id\":\"https:\/\/e-dentic.fr\/#organization\"},\"alternateName\":\"Int\u00e9grateur de solutions logistiques innovantes\",\"potentialAction\":[{\"@type\":\"SearchAction\",\"target\":{\"@type\":\"EntryPoint\",\"urlTemplate\":\"https:\/\/e-dentic.fr\/?s={search_term_string}\"},\"query-input\":{\"@type\":\"PropertyValueSpecification\",\"valueRequired\":true,\"valueName\":\"search_term_string\"}}],\"inLanguage\":\"en-GB\"},{\"@type\":\"Organization\",\"@id\":\"https:\/\/e-dentic.fr\/#organization\",\"name\":\"E-DENTIC\",\"url\":\"https:\/\/e-dentic.fr\/\",\"logo\":{\"@type\":\"ImageObject\",\"inLanguage\":\"en-GB\",\"@id\":\"https:\/\/e-dentic.fr\/#\/schema\/logo\/image\/\",\"url\":\"https:\/\/e-dentic.fr\/wp-content\/uploads\/2024\/04\/E-DENTIC-logo-bleu.png\",\"contentUrl\":\"https:\/\/e-dentic.fr\/wp-content\/uploads\/2024\/04\/E-DENTIC-logo-bleu.png\",\"width\":1460,\"height\":546,\"caption\":\"E-DENTIC\"},\"image\":{\"@id\":\"https:\/\/e-dentic.fr\/#\/schema\/logo\/image\/\"},\"sameAs\":[\"https:\/\/www.linkedin.com\/company\/e-dentic\/\",\"https:\/\/www.youtube.com\/channel\/UCXOgh0CpgACK_KVKikApR9g\"]}]}<\/script>\n<!-- \/ Yoast SEO Premium plugin. -->","yoast_head_json":{"title":"Privacy policy - E-DENTIC","description":"Find out more about E-DENTIC's activities, values, the group and the milestones in the company's history.","robots":{"index":"noindex","follow":"nofollow"},"og_locale":"en_GB","og_type":"article","og_title":"Politique de confidentialit\u00e9","og_description":"En savoir plus sur E-DENTIC \u00e0 propos des activit\u00e9s, des valeurs, du groupe, et des \u00e9tapes importantes dans l'histoire de la soci\u00e9t\u00e9.","og_url":"https:\/\/e-dentic.fr\/en\/privacy-policy\/","og_site_name":"E-DENTIC","article_modified_time":"2025-09-11T07:38:13+00:00","og_image":[{"width":2560,"height":1559,"url":"https:\/\/e-dentic.fr\/wp-content\/uploads\/2024\/06\/chargement-par-loperateur-scaled.jpg","type":"image\/jpeg"}],"twitter_card":"summary_large_image","twitter_misc":{"Estimated reading time":"5 minutes"},"schema":{"@context":"https:\/\/schema.org","@graph":[{"@type":"WebPage","@id":"https:\/\/e-dentic.fr\/fr_fr\/politique-de-confidentialite\/","url":"https:\/\/e-dentic.fr\/fr_fr\/politique-de-confidentialite\/","name":"Privacy policy - E-DENTIC","isPartOf":{"@id":"https:\/\/e-dentic.fr\/#website"},"primaryImageOfPage":{"@id":"https:\/\/e-dentic.fr\/fr_fr\/politique-de-confidentialite\/#primaryimage"},"image":{"@id":"https:\/\/e-dentic.fr\/fr_fr\/politique-de-confidentialite\/#primaryimage"},"thumbnailUrl":"https:\/\/e-dentic.fr\/wp-content\/uploads\/2024\/06\/chargement-par-loperateur-scaled.jpg","datePublished":"2024-10-08T13:48:50+00:00","dateModified":"2025-09-11T07:38:13+00:00","description":"Find out more about E-DENTIC's activities, values, the group and the milestones in the company's history.","breadcrumb":{"@id":"https:\/\/e-dentic.fr\/fr_fr\/politique-de-confidentialite\/#breadcrumb"},"inLanguage":"en-GB","potentialAction":[{"@type":"ReadAction","target":["https:\/\/e-dentic.fr\/fr_fr\/politique-de-confidentialite\/"]}]},{"@type":"ImageObject","inLanguage":"en-GB","@id":"https:\/\/e-dentic.fr\/fr_fr\/politique-de-confidentialite\/#primaryimage","url":"https:\/\/e-dentic.fr\/wp-content\/uploads\/2024\/06\/chargement-par-loperateur-scaled.jpg","contentUrl":"https:\/\/e-dentic.fr\/wp-content\/uploads\/2024\/06\/chargement-par-loperateur-scaled.jpg","width":2560,"height":1559,"caption":"Forklift operator during work in large warehouse"},{"@type":"BreadcrumbList","@id":"https:\/\/e-dentic.fr\/fr_fr\/politique-de-confidentialite\/#breadcrumb","itemListElement":[{"@type":"ListItem","position":1,"name":"Accueil","item":"https:\/\/e-dentic.fr\/fr_fr\/"},{"@type":"ListItem","position":2,"name":"Politique de confidentialit\u00e9"}]},{"@type":"WebSite","@id":"https:\/\/e-dentic.fr\/#website","url":"https:\/\/e-dentic.fr\/","name":"E-DENTIC","description":"Integrator of innovative logistics solutions","publisher":{"@id":"https:\/\/e-dentic.fr\/#organization"},"alternateName":"Int\u00e9grateur de solutions logistiques innovantes","potentialAction":[{"@type":"SearchAction","target":{"@type":"EntryPoint","urlTemplate":"https:\/\/e-dentic.fr\/?s={search_term_string}"},"query-input":{"@type":"PropertyValueSpecification","valueRequired":true,"valueName":"search_term_string"}}],"inLanguage":"en-GB"},{"@type":"Organization","@id":"https:\/\/e-dentic.fr\/#organization","name":"E-DENTIC","url":"https:\/\/e-dentic.fr\/","logo":{"@type":"ImageObject","inLanguage":"en-GB","@id":"https:\/\/e-dentic.fr\/#\/schema\/logo\/image\/","url":"https:\/\/e-dentic.fr\/wp-content\/uploads\/2024\/04\/E-DENTIC-logo-bleu.png","contentUrl":"https:\/\/e-dentic.fr\/wp-content\/uploads\/2024\/04\/E-DENTIC-logo-bleu.png","width":1460,"height":546,"caption":"E-DENTIC"},"image":{"@id":"https:\/\/e-dentic.fr\/#\/schema\/logo\/image\/"},"sameAs":["https:\/\/www.linkedin.com\/company\/e-dentic\/","https:\/\/www.youtube.com\/channel\/UCXOgh0CpgACK_KVKikApR9g"]}]}},"_links":{"self":[{"href":"https:\/\/e-dentic.fr\/en\/wp-json\/wp\/v2\/pages\/7472","targetHints":{"allow":["GET"]}}],"collection":[{"href":"https:\/\/e-dentic.fr\/en\/wp-json\/wp\/v2\/pages"}],"about":[{"href":"https:\/\/e-dentic.fr\/en\/wp-json\/wp\/v2\/types\/page"}],"author":[{"embeddable":true,"href":"https:\/\/e-dentic.fr\/en\/wp-json\/wp\/v2\/users\/1"}],"replies":[{"embeddable":true,"href":"https:\/\/e-dentic.fr\/en\/wp-json\/wp\/v2\/comments?post=7472"}],"version-history":[{"count":6,"href":"https:\/\/e-dentic.fr\/en\/wp-json\/wp\/v2\/pages\/7472\/revisions"}],"predecessor-version":[{"id":12227,"href":"https:\/\/e-dentic.fr\/en\/wp-json\/wp\/v2\/pages\/7472\/revisions\/12227"}],"wp:featuredmedia":[{"embeddable":true,"href":"https:\/\/e-dentic.fr\/en\/wp-json\/wp\/v2\/media\/6078"}],"wp:attachment":[{"href":"https:\/\/e-dentic.fr\/en\/wp-json\/wp\/v2\/media?parent=7472"}],"curies":[{"name":"wp","href":"https:\/\/api.w.org\/{rel}","templated":true}]}}